{"id":12,"date":"2016-10-02T17:30:58","date_gmt":"2016-10-02T17:30:58","guid":{"rendered":"http:\/\/simsonmuzeum.cz\/?page_id=12"},"modified":"2020-05-02T05:46:59","modified_gmt":"2020-05-02T05:46:59","slug":"expozice","status":"publish","type":"page","link":"https:\/\/simsonmuzeum.cz\/de_DE\/expozice\/","title":{"rendered":"Ausstellung"},"content":{"rendered":"<p style=\"text-align: center;\"><span style=\"color: #000000;\"><strong>V na\u0161em muzeu naleznete v\u00edce jak 50 druh\u016f motocykl\u016f, j\u00edzdn\u00edch kol, ko\u010d\u00e1rk\u016f a zbran\u00ed zna\u010dky Simson.<\/strong><\/span><\/p>\n<div id=\"shape\">\n<div id=\"page\">\n<div id=\"twocolA\">\n<div class=\"mabo\">\n<div class=\"bcof whi\">\n<div class=\"inbo\">\n<div id=\"msgco\">\n<div id=\"tabcont2\">\n<div class=\"mabom eparg\">\n<div class=\"bcof mhst\">\n<div class=\"inbo\">&nbsp;<\/div>\n<\/div>\n<\/div>\n<\/div>\n<\/div>\n<\/div>\n<\/div>\n<\/div>\n<\/div>\n<\/div>\n<\/div>\n\n\n<p><\/p>\n\n\n\nngg_shortcode_0_placeholder\n\n\n\n<div class=\"wp-block-group\"><div class=\"wp-block-group__inner-container is-layout-flow wp-block-group-is-layout-flow\">\n<div class=\"wp-block-group\"><div class=\"wp-block-group__inner-container is-layout-flow wp-block-group-is-layout-flow\">\n<div class=\"wp-block-group\"><div class=\"wp-block-group__inner-container is-layout-flow wp-block-group-is-layout-flow\">\n<div class=\"wp-block-group\"><div class=\"wp-block-group__inner-container is-layout-flow wp-block-group-is-layout-flow\">\n<p><\/p>\n<\/div><\/div>\n<\/div><\/div>\n<\/div><\/div>\n<\/div><\/div>\n","protected":false},"excerpt":{"rendered":"<p>In unserem Museum finden Sich mehr als 50 verschiedene Simson Motorr\u00e4der und Fahrr\u00e4der. &nbsp;<\/p>\n","protected":false},"author":1,"featured_media":0,"parent":0,"menu_order":0,"comment_status":"closed","ping_status":"closed","template":"","meta":{"ngg_post_thumbnail":0,"footnotes":""},"class_list":["post-12","page","type-page","status-publish","hentry"],"_links":{"self":[{"href":"https:\/\/simsonmuzeum.cz\/de_DE\/wp-json\/wp\/v2\/pages\/12","targetHints":{"allow":["GET"]}}],"collection":[{"href":"https:\/\/simsonmuzeum.cz\/de_DE\/wp-json\/wp\/v2\/pages"}],"about":[{"href":"https:\/\/simsonmuzeum.cz\/de_DE\/wp-json\/wp\/v2\/types\/page"}],"author":[{"embeddable":true,"href":"https:\/\/simsonmuzeum.cz\/de_DE\/wp-json\/wp\/v2\/users\/1"}],"replies":[{"embeddable":true,"href":"https:\/\/simsonmuzeum.cz\/de_DE\/wp-json\/wp\/v2\/comments?post=12"}],"version-history":[{"count":29,"href":"https:\/\/simsonmuzeum.cz\/de_DE\/wp-json\/wp\/v2\/pages\/12\/revisions"}],"predecessor-version":[{"id":2247,"href":"https:\/\/simsonmuzeum.cz\/de_DE\/wp-json\/wp\/v2\/pages\/12\/revisions\/2247"}],"wp:attachment":[{"href":"https:\/\/simsonmuzeum.cz\/de_DE\/wp-json\/wp\/v2\/media?parent=12"}],"curies":[{"name":"wp","href":"https:\/\/api.w.org\/{rel}","templated":true}]}}