{"id":14,"date":"2016-10-02T17:31:40","date_gmt":"2016-10-02T17:31:40","guid":{"rendered":"http:\/\/simsonmuzeum.cz\/?page_id=14"},"modified":"2023-11-19T06:59:02","modified_gmt":"2023-11-19T06:59:02","slug":"kalendar-akci","status":"publish","type":"page","link":"https:\/\/simsonmuzeum.cz\/de_DE\/kalendar-akci\/","title":{"rendered":"Museumsereignisse"},"content":{"rendered":"<h3 style=\"text-align: center;\"><a href=\"https:\/\/simsonmuzeum.cz\/nejvetsi-setkani-znacky-simson-v-ceske-republice-2023-a-dalsi-rekord\/\" target=\"_blank\" rel=\"noopener noreferrer\"><span style=\"color: #ff0000;\">Nejv\u011bt\u0161\u00ed setk\u00e1n\u00ed zna\u010dky Simson 2023 a dal\u0161\u00ed rekord<\/span><\/a><\/h3>\n<h3 style=\"text-align: center;\"><span style=\"color: #ff0000;\"><strong><a style=\"color: #ff0000;\" href=\"http:\/\/simsonmuzeum.cz\/spanila-jizda-k-ucteni-pamatky-80-vyroci-vyhlazeni-obce-lidice\/\" target=\"_blank\" rel=\"noopener noreferrer\">Spanil\u00e1 j\u00edzda 11.6.2022 k uct\u011bn\u00ed pam\u00e1tky 80. v\u00fdro\u010d\u00ed vyhlazen\u00ed obce Lidice<\/a><\/strong><\/span><\/h3>\n<p>&nbsp;<\/p>\n<h3 style=\"text-align: center;\"><strong><span style=\"color: #ff0000;\"><a style=\"color: #ff0000;\" href=\"http:\/\/simsonmuzeum.cz\/nejvetsi-setkani-znacky-simson-v-ceske-republice-2018\/\" target=\"_blank\" rel=\"noopener noreferrer\">Nejv\u011bt\u0161\u00ed setk\u00e1n\u00ed zna\u010dky Simson v \u010cesk\u00e9 republice 2018<\/a><\/span><\/strong><\/h3>\n<h3 style=\"text-align: center;\"><strong><span style=\"color: #ff0000;\"><a style=\"color: #ff0000;\" href=\"http:\/\/simsonmuzeum.cz\/v-rocnik-setkani-historickych-vozidel-zabovresky-nad-ohri\/\" target=\"_blank\" rel=\"noopener noreferrer\">V.ro\u010dn\u00edk setk\u00e1n\u00ed historick\u00fdch vozidel \u017dabov\u0159esky nad Oh\u0159\u00ed<\/a><\/span><\/strong><\/h3>\n<h3 style=\"text-align: center;\"><strong><span style=\"color: #993366;\"><a style=\"color: #993366;\" href=\"http:\/\/simsonmuzeum.cz\/iv-rocnik-setkani-historickych-vozidel-zabovresky-nad-ohri\/\" target=\"_blank\" rel=\"noopener noreferrer\"><span style=\"color: #ff0000;\">IV.ro\u010dn\u00edk setk\u00e1n\u00ed historick\u00fdch vozidel \u017dabov\u0159esky nad Oh\u0159\u00ed<\/span><\/a><\/span><\/strong><\/h3>\n<h3 style=\"text-align: center;\"><strong><span style=\"color: #ff0000;\"><a style=\"color: #ff0000;\" href=\"http:\/\/simsonmuzeum.cz\/kalendar-akci\/iii-rocnik-setkani-historickych-vozidel-zabovresky-nad-ohri\/\" target=\"_blank\" rel=\"noopener noreferrer\">III.ro\u010dn\u00edk setk\u00e1n\u00ed historick\u00fdch vozidel \u017dabov\u0159esky nad Oh\u0159\u00ed<\/a><\/span><\/strong><\/h3>\n<h3 style=\"text-align: center;\"><strong><span style=\"color: #ff0000;\"><a style=\"color: #ff0000;\" href=\"http:\/\/simsonmuzeum.cz\/kalendar-akci\/ii-rocnik-setkani-historickych-vozidel-zabovresky-nad-ohri\/\" target=\"_blank\" rel=\"noopener noreferrer\">II.ro\u010dn\u00edk setk\u00e1n\u00ed historick\u00fdch vozidel \u017dabov\u0159esky nad Oh\u0159\u00ed<\/a><\/span><\/strong><\/h3>\n<h3 style=\"text-align: center;\"><strong><span style=\"color: #ff0000;\"><a style=\"color: #ff0000;\" href=\"http:\/\/simsonmuzeum.cz\/kalendar-akci\/i-rocnik-setkani-historickych-vozidel-zabovresky-nad-ohri\/\" target=\"_blank\" rel=\"noopener noreferrer\">I.ro\u010dn\u00edk setk\u00e1n\u00ed historick\u00fdch vozidel \u017dabov\u0159esky nad Oh\u0159\u00ed<\/a><\/span><\/strong><\/h3>\n<p>&nbsp;<\/p>\n<p>&nbsp;<\/p>\n","protected":false},"excerpt":{"rendered":"<p>&nbsp; &nbsp; Das gr\u00f6\u00dfte Simson-Treffen in der Tschechischen Republik Das gr\u00f6\u00dfte Simson-Treffen in der Tschechischen Republik fand am 25.8.2018 in unserem Museum statt, das im tschechischen Buch der Rekorde und Kuriosit\u00e4ten eingetragen war. Insgesamt haben sich 191 Simson versammelt, und diese Ausgabe wird im tschechischen Buch der Rekorde und Kuriosit\u00e4ten aufgef\u00fchrt. &nbsp; &nbsp; &nbsp; https:\/\/www.facebook.com\/Litomericko24\/videos\/2113433272243879\/ [&hellip;]<\/p>\n","protected":false},"author":1,"featured_media":0,"parent":0,"menu_order":0,"comment_status":"closed","ping_status":"closed","template":"","meta":{"ngg_post_thumbnail":0,"footnotes":""},"class_list":["post-14","page","type-page","status-publish","hentry"],"_links":{"self":[{"href":"https:\/\/simsonmuzeum.cz\/de_DE\/wp-json\/wp\/v2\/pages\/14","targetHints":{"allow":["GET"]}}],"collection":[{"href":"https:\/\/simsonmuzeum.cz\/de_DE\/wp-json\/wp\/v2\/pages"}],"about":[{"href":"https:\/\/simsonmuzeum.cz\/de_DE\/wp-json\/wp\/v2\/types\/page"}],"author":[{"embeddable":true,"href":"https:\/\/simsonmuzeum.cz\/de_DE\/wp-json\/wp\/v2\/users\/1"}],"replies":[{"embeddable":true,"href":"https:\/\/simsonmuzeum.cz\/de_DE\/wp-json\/wp\/v2\/comments?post=14"}],"version-history":[{"count":55,"href":"https:\/\/simsonmuzeum.cz\/de_DE\/wp-json\/wp\/v2\/pages\/14\/revisions"}],"predecessor-version":[{"id":2549,"href":"https:\/\/simsonmuzeum.cz\/de_DE\/wp-json\/wp\/v2\/pages\/14\/revisions\/2549"}],"wp:attachment":[{"href":"https:\/\/simsonmuzeum.cz\/de_DE\/wp-json\/wp\/v2\/media?parent=14"}],"curies":[{"name":"wp","href":"https:\/\/api.w.org\/{rel}","templated":true}]}}