{"id":1907,"date":"2019-11-09T07:33:31","date_gmt":"2019-11-09T07:33:31","guid":{"rendered":"http:\/\/simsonmuzeum.cz\/?page_id=1907"},"modified":"2019-11-09T07:33:31","modified_gmt":"2019-11-09T07:33:31","slug":"jizdni-kolo-bsw-supra","status":"publish","type":"page","link":"https:\/\/simsonmuzeum.cz\/de_DE\/jizdni-kolo-bsw-supra\/","title":{"rendered":"j\u00edzdn\u00ed kolo BSW Supra"},"content":{"rendered":"\n<figure class=\"wp-block-image\"><img loading=\"lazy\" decoding=\"async\" width=\"1024\" height=\"768\" src=\"http:\/\/simsonmuzeum.cz\/wp-content\/uploads\/2019\/11\/20191012_131755-1024x768.jpg\" alt=\"\" class=\"wp-image-1909\" srcset=\"https:\/\/simsonmuzeum.cz\/wp-content\/uploads\/2019\/11\/20191012_131755-1024x768.jpg 1024w, https:\/\/simsonmuzeum.cz\/wp-content\/uploads\/2019\/11\/20191012_131755-300x225.jpg 300w, https:\/\/simsonmuzeum.cz\/wp-content\/uploads\/2019\/11\/20191012_131755-768x576.jpg 768w, https:\/\/simsonmuzeum.cz\/wp-content\/uploads\/2019\/11\/20191012_131755-700x525.jpg 700w, https:\/\/simsonmuzeum.cz\/wp-content\/uploads\/2019\/11\/20191012_131755-640x480.jpg 640w\" sizes=\"auto, (max-width: 1024px) 100vw, 1024px\" \/><\/figure>\n\n\n\n<ul class=\"wp-block-gallery columns-3 is-cropped wp-block-gallery-1 is-layout-flex wp-block-gallery-is-layout-flex\"><li class=\"blocks-gallery-item\"><figure><img loading=\"lazy\" decoding=\"async\" width=\"1024\" height=\"768\" src=\"http:\/\/simsonmuzeum.cz\/wp-content\/uploads\/2019\/11\/20191012_131802-1024x768.jpg\" alt=\"\" data-id=\"1910\" data-link=\"http:\/\/simsonmuzeum.cz\/?attachment_id=1910\" class=\"wp-image-1910\" srcset=\"https:\/\/simsonmuzeum.cz\/wp-content\/uploads\/2019\/11\/20191012_131802-1024x768.jpg 1024w, https:\/\/simsonmuzeum.cz\/wp-content\/uploads\/2019\/11\/20191012_131802-300x225.jpg 300w, https:\/\/simsonmuzeum.cz\/wp-content\/uploads\/2019\/11\/20191012_131802-768x576.jpg 768w, https:\/\/simsonmuzeum.cz\/wp-content\/uploads\/2019\/11\/20191012_131802-700x525.jpg 700w, https:\/\/simsonmuzeum.cz\/wp-content\/uploads\/2019\/11\/20191012_131802-640x480.jpg 640w\" sizes=\"auto, (max-width: 1024px) 100vw, 1024px\" \/><\/figure><\/li><li class=\"blocks-gallery-item\"><figure><img loading=\"lazy\" decoding=\"async\" width=\"1024\" height=\"768\" src=\"http:\/\/simsonmuzeum.cz\/wp-content\/uploads\/2019\/11\/20191012_131834-1024x768.jpg\" alt=\"\" data-id=\"1912\" data-link=\"http:\/\/simsonmuzeum.cz\/?attachment_id=1912\" class=\"wp-image-1912\" srcset=\"https:\/\/simsonmuzeum.cz\/wp-content\/uploads\/2019\/11\/20191012_131834-1024x768.jpg 1024w, https:\/\/simsonmuzeum.cz\/wp-content\/uploads\/2019\/11\/20191012_131834-300x225.jpg 300w, https:\/\/simsonmuzeum.cz\/wp-content\/uploads\/2019\/11\/20191012_131834-768x576.jpg 768w, https:\/\/simsonmuzeum.cz\/wp-content\/uploads\/2019\/11\/20191012_131834-700x525.jpg 700w, https:\/\/simsonmuzeum.cz\/wp-content\/uploads\/2019\/11\/20191012_131834-640x480.jpg 640w\" sizes=\"auto, (max-width: 1024px) 100vw, 1024px\" \/><\/figure><\/li><li class=\"blocks-gallery-item\"><figure><img loading=\"lazy\" decoding=\"async\" width=\"1024\" height=\"768\" src=\"http:\/\/simsonmuzeum.cz\/wp-content\/uploads\/2019\/11\/20191012_131810-1-1024x768.jpg\" alt=\"\" data-id=\"1913\" data-link=\"http:\/\/simsonmuzeum.cz\/?attachment_id=1913\" class=\"wp-image-1913\" srcset=\"https:\/\/simsonmuzeum.cz\/wp-content\/uploads\/2019\/11\/20191012_131810-1-1024x768.jpg 1024w, https:\/\/simsonmuzeum.cz\/wp-content\/uploads\/2019\/11\/20191012_131810-1-300x225.jpg 300w, https:\/\/simsonmuzeum.cz\/wp-content\/uploads\/2019\/11\/20191012_131810-1-768x576.jpg 768w, https:\/\/simsonmuzeum.cz\/wp-content\/uploads\/2019\/11\/20191012_131810-1-700x525.jpg 700w, https:\/\/simsonmuzeum.cz\/wp-content\/uploads\/2019\/11\/20191012_131810-1-640x480.jpg 640w\" sizes=\"auto, (max-width: 1024px) 100vw, 1024px\" \/><\/figure><\/li><li class=\"blocks-gallery-item\"><figure><img loading=\"lazy\" decoding=\"async\" width=\"1024\" height=\"768\" src=\"http:\/\/simsonmuzeum.cz\/wp-content\/uploads\/2019\/11\/20191012_131744-1024x768.jpg\" alt=\"\" data-id=\"1914\" data-link=\"http:\/\/simsonmuzeum.cz\/?attachment_id=1914\" class=\"wp-image-1914\" srcset=\"https:\/\/simsonmuzeum.cz\/wp-content\/uploads\/2019\/11\/20191012_131744-1024x768.jpg 1024w, https:\/\/simsonmuzeum.cz\/wp-content\/uploads\/2019\/11\/20191012_131744-300x225.jpg 300w, https:\/\/simsonmuzeum.cz\/wp-content\/uploads\/2019\/11\/20191012_131744-768x576.jpg 768w, https:\/\/simsonmuzeum.cz\/wp-content\/uploads\/2019\/11\/20191012_131744-700x525.jpg 700w, https:\/\/simsonmuzeum.cz\/wp-content\/uploads\/2019\/11\/20191012_131744-640x480.jpg 640w\" sizes=\"auto, (max-width: 1024px) 100vw, 1024px\" \/><\/figure><\/li><\/ul>\n\n\n\n<p><strong><br>J\u00edzdn\u00ed kolo<\/strong><\/p>\n\n\n\n<p><strong>SIMSON BSW Supra<\/strong><\/p>\n\n\n\n<p><strong>r.v. 1934 &#8211; 1939<\/strong><\/p>\n\n\n\n<p><strong>v\u00fdrobce: <em>Berliner Suhler Waffen und Fahrzeugwerke<\/em><\/strong><br><\/p>\n","protected":false},"excerpt":{"rendered":"<p>J\u00edzdn\u00ed kolo SIMSON BSW Supra r.v. 1934 &#8211; 1939 v\u00fdrobce: Berliner Suhler Waffen und Fahrzeugwerke<\/p>\n","protected":false},"author":2,"featured_media":0,"parent":0,"menu_order":0,"comment_status":"closed","ping_status":"closed","template":"","meta":{"ngg_post_thumbnail":0,"footnotes":""},"class_list":["post-1907","page","type-page","status-publish","hentry"],"_links":{"self":[{"href":"https:\/\/simsonmuzeum.cz\/de_DE\/wp-json\/wp\/v2\/pages\/1907","targetHints":{"allow":["GET"]}}],"collection":[{"href":"https:\/\/simsonmuzeum.cz\/de_DE\/wp-json\/wp\/v2\/pages"}],"about":[{"href":"https:\/\/simsonmuzeum.cz\/de_DE\/wp-json\/wp\/v2\/types\/page"}],"author":[{"embeddable":true,"href":"https:\/\/simsonmuzeum.cz\/de_DE\/wp-json\/wp\/v2\/users\/2"}],"replies":[{"embeddable":true,"href":"https:\/\/simsonmuzeum.cz\/de_DE\/wp-json\/wp\/v2\/comments?post=1907"}],"version-history":[{"count":1,"href":"https:\/\/simsonmuzeum.cz\/de_DE\/wp-json\/wp\/v2\/pages\/1907\/revisions"}],"predecessor-version":[{"id":1915,"href":"https:\/\/simsonmuzeum.cz\/de_DE\/wp-json\/wp\/v2\/pages\/1907\/revisions\/1915"}],"wp:attachment":[{"href":"https:\/\/simsonmuzeum.cz\/de_DE\/wp-json\/wp\/v2\/media?parent=1907"}],"curies":[{"name":"wp","href":"https:\/\/api.w.org\/{rel}","templated":true}]}}