{"id":887,"date":"2017-09-10T11:05:37","date_gmt":"2017-09-10T11:05:37","guid":{"rendered":"http:\/\/simsonmuzeum.cz\/?page_id=887"},"modified":"2026-01-25T10:56:54","modified_gmt":"2026-01-25T10:56:54","slug":"navody-a-manualy","status":"publish","type":"page","link":"https:\/\/simsonmuzeum.cz\/de_DE\/navody-a-manualy\/","title":{"rendered":"EINLEITUNGEN UND HANDB\u00dcCHER"},"content":{"rendered":"<p>&nbsp;<\/p>\n<p style=\"text-align: center;\"><span style=\"color: #0000ff;\"><strong><a style=\"color: #0000ff;\" href=\"http:\/\/simsonmuzeum.cz\/navody-a-manualy\/elekricka-instalace\/\" target=\"_blank\" rel=\"noopener noreferrer\">schema elektro zapojen\u00ed<\/a><\/strong><\/span><\/p>\n<p style=\"text-align: center;\"><span style=\"color: #0000ff;\"><strong><a style=\"color: #0000ff;\" href=\"http:\/\/simsonmuzeum.cz\/katalog-nahradnich-dilu\/\">Katalog n\u00e1hradn\u00edch d\u00edl\u016f<\/a><\/strong><\/span><\/p>\n<p style=\"text-align: center;\"><span style=\"color: #0000ff;\"><strong><a style=\"color: #0000ff;\" href=\"http:\/\/simsonmuzeum.cz\/navod-k-obsluze\/\">N\u00e1vod k obsluze a d\u00edlensk\u00e1 p\u0159\u00edru\u010dka<\/a><\/strong><\/span><\/p>\n<p style=\"text-align: center;\"><span style=\"color: #0000ff;\"><strong><a style=\"color: #0000ff;\" href=\"http:\/\/simsonmuzeum.cz\/barvy-ral\/\" target=\"_blank\" rel=\"noopener noreferrer\">Barvy RAL pou\u017e\u00edvan\u00e9 na moto Simson<\/a><\/strong><\/span><\/p>\n<p style=\"text-align: center;\"><span style=\"color: #0000ff;\"><strong><a style=\"color: #0000ff;\" href=\"http:\/\/simsonmuzeum.cz\/karburatory-simson-16n1-x-2\/\" target=\"_blank\" rel=\"noopener noreferrer\">karbur\u00e1tory Simson 16N1-x<\/a><\/strong><\/span><\/p>\n<p style=\"text-align: center;\"><span style=\"color: #0000ff;\"><strong><a style=\"color: #0000ff;\" href=\"http:\/\/simsonmuzeum.cz\/pripravky-a-stahovaky\/\" target=\"_blank\" rel=\"noopener noreferrer\">P\u0159\u00edpravky a stahov\u00e1ky<\/a><\/strong><\/span><\/p>\n<p style=\"text-align: center;\"><span style=\"color: #0000ff;\"><strong><a style=\"color: #0000ff;\" href=\"http:\/\/simsonmuzeum.cz\/vykres-motoru-simson\/\" target=\"_blank\" rel=\"noopener noreferrer\">v\u00fdkresy motor\u016f Simson<\/a><\/strong><\/span><\/p>\n<p style=\"text-align: center;\"><span style=\"color: #0000ff;\"><strong><a style=\"color: #0000ff;\" href=\"http:\/\/simsonmuzeum.cz\/prospekty\/\" target=\"_blank\" rel=\"noopener noreferrer\">dobov\u00e9 prospekty<\/a><\/strong><\/span><\/p>\n<p style=\"text-align: center;\"><span style=\"color: #0000ff;\"><strong><a style=\"color: #0000ff;\" href=\"http:\/\/simsonmuzeum.cz\/simson-v-casopisech\/\" target=\"_blank\" rel=\"noopener noreferrer\">Simson v \u010dasopisech<\/a><\/strong><\/span><\/p>\n<p style=\"text-align: center;\"><strong><span style=\"color: #0000ff;\"><a style=\"color: #0000ff;\" href=\"http:\/\/simsonmuzeum.cz\/wp-content\/uploads\/2026\/01\/cena-Simsonu.pdf\" target=\"_blank\" rel=\"noopener noreferrer\">Cena motocykl\u016f Simson v pr\u016fb\u011bhu let<\/a><\/span><\/strong><\/p>\n<p style=\"text-align: center;\"><span style=\"color: #ff00ff;\"><strong>M\u00e1te n\u011bjak\u00e9 dal\u0161\u00ed katalogy, manu\u00e1ly, a nebo prospekty, kter\u00e9 zde nejsou uvedeny?<\/strong><\/span><\/p>\n<p style=\"text-align: center;\"><span style=\"color: #993366;\"><strong>M\u00e1te doma \u00fa\u010det z mototechny?<\/strong><\/span><\/p>\n<p style=\"text-align: center;\"><span style=\"color: #ff00ff;\"><strong>Pros\u00edm za\u0161lete mi je naskenovan\u00e9 a j\u00e1 je r\u00e1d za\u0159ad\u00edm na tyto str\u00e1nky.<\/strong><\/span><\/p>\n<p style=\"text-align: center;\">&nbsp;<\/p>\n","protected":false},"excerpt":{"rendered":"<p>Schaltplan Ersatzteilkatalog Bedienungsanleitung und Werkstatthandbuch Zeichnungen von Simson-Motoren Periodenbrosch\u00fcren Simson in Zeitschriften Simson Motorradpreise Haben Sie andere Kataloge, Handb\u00fccher oder Brosch\u00fcren, die hier nicht aufgef\u00fchrt sind? Bitte senden Sie sie mir und ich werde sie gerne auf dieser Seite aufnehmen. &nbsp;<\/p>\n","protected":false},"author":1,"featured_media":0,"parent":0,"menu_order":0,"comment_status":"closed","ping_status":"closed","template":"","meta":{"ngg_post_thumbnail":0,"footnotes":""},"class_list":["post-887","page","type-page","status-publish","hentry"],"_links":{"self":[{"href":"https:\/\/simsonmuzeum.cz\/de_DE\/wp-json\/wp\/v2\/pages\/887","targetHints":{"allow":["GET"]}}],"collection":[{"href":"https:\/\/simsonmuzeum.cz\/de_DE\/wp-json\/wp\/v2\/pages"}],"about":[{"href":"https:\/\/simsonmuzeum.cz\/de_DE\/wp-json\/wp\/v2\/types\/page"}],"author":[{"embeddable":true,"href":"https:\/\/simsonmuzeum.cz\/de_DE\/wp-json\/wp\/v2\/users\/1"}],"replies":[{"embeddable":true,"href":"https:\/\/simsonmuzeum.cz\/de_DE\/wp-json\/wp\/v2\/comments?post=887"}],"version-history":[{"count":43,"href":"https:\/\/simsonmuzeum.cz\/de_DE\/wp-json\/wp\/v2\/pages\/887\/revisions"}],"predecessor-version":[{"id":2658,"href":"https:\/\/simsonmuzeum.cz\/de_DE\/wp-json\/wp\/v2\/pages\/887\/revisions\/2658"}],"wp:attachment":[{"href":"https:\/\/simsonmuzeum.cz\/de_DE\/wp-json\/wp\/v2\/media?parent=887"}],"curies":[{"name":"wp","href":"https:\/\/api.w.org\/{rel}","templated":true}]}}