{"id":973,"date":"2017-09-10T15:03:51","date_gmt":"2017-09-10T15:03:51","guid":{"rendered":"http:\/\/simsonmuzeum.cz\/?page_id=973"},"modified":"2017-09-10T16:14:56","modified_gmt":"2017-09-10T16:14:56","slug":"dilenska-prirucka-s51-s70-sr50-sr80","status":"publish","type":"page","link":"https:\/\/simsonmuzeum.cz\/de_DE\/dilenska-prirucka-s51-s70-sr50-sr80\/","title":{"rendered":"D\u00edlensk\u00e1 p\u0159\u00edru\u010dka S51, S70, SR50, Sr80"},"content":{"rendered":"<p>&nbsp;<\/p>\n<p>&nbsp;<\/p>\n<p><a href=\"http:\/\/simsonmuzeum.cz\/wp-content\/uploads\/2017\/09\/Image-001.jpg\" target=\"_blank\" rel=\"noopener\">list 001<\/a><\/p>\n<p><a href=\"http:\/\/simsonmuzeum.cz\/wp-content\/uploads\/2017\/09\/Image-002.jpg\" target=\"_blank\" rel=\"noopener\">list 002<\/a><\/p>\n<p><a href=\"http:\/\/simsonmuzeum.cz\/wp-content\/uploads\/2017\/09\/Image-003.jpg\" target=\"_blank\" rel=\"noopener\">list 003<\/a><\/p>\n<p><a href=\"http:\/\/simsonmuzeum.cz\/wp-content\/uploads\/2017\/09\/Image-004.jpg\" target=\"_blank\" rel=\"noopener\">list 004<\/a><\/p>\n<p><a href=\"http:\/\/simsonmuzeum.cz\/wp-content\/uploads\/2017\/09\/Image-005.jpg\" target=\"_blank\" rel=\"noopener\">list 005<\/a><\/p>\n<p><a href=\"http:\/\/simsonmuzeum.cz\/wp-content\/uploads\/2017\/09\/Image-006.jpg\" target=\"_blank\" rel=\"noopener\">list 006<\/a><\/p>\n<p><a href=\"http:\/\/simsonmuzeum.cz\/wp-content\/uploads\/2017\/09\/Image-007.jpg\" target=\"_blank\" rel=\"noopener\">list 007<\/a><\/p>\n<p><a href=\"http:\/\/simsonmuzeum.cz\/wp-content\/uploads\/2017\/09\/Image-008.jpg\" target=\"_blank\" rel=\"noopener\">list 008<\/a><\/p>\n<p><a href=\"http:\/\/simsonmuzeum.cz\/wp-content\/uploads\/2017\/09\/Image-009.jpg\" target=\"_blank\" rel=\"noopener\">list 009<\/a><\/p>\n<p><a href=\"http:\/\/simsonmuzeum.cz\/wp-content\/uploads\/2017\/09\/Image-010.jpg\" target=\"_blank\" rel=\"noopener\">list 010<\/a><\/p>\n<p><a href=\"http:\/\/simsonmuzeum.cz\/wp-content\/uploads\/2017\/09\/Image-011.jpg\" target=\"_blank\" rel=\"noopener\">list 011<\/a><\/p>\n<p><a href=\"http:\/\/simsonmuzeum.cz\/wp-content\/uploads\/2017\/09\/Image-012.jpg\" target=\"_blank\" rel=\"noopener\">list 012<\/a><\/p>\n<p><a href=\"http:\/\/simsonmuzeum.cz\/wp-content\/uploads\/2017\/09\/Image-013.jpg\" target=\"_blank\" rel=\"noopener\">list 013<\/a><\/p>\n<p><a href=\"http:\/\/simsonmuzeum.cz\/wp-content\/uploads\/2017\/09\/Image-014.jpg\" target=\"_blank\" rel=\"noopener\">list 014<\/a><\/p>\n<p><a href=\"http:\/\/simsonmuzeum.cz\/wp-content\/uploads\/2017\/09\/Image-015.jpg\" target=\"_blank\" rel=\"noopener\">list 015<\/a><\/p>\n<p><a href=\"http:\/\/simsonmuzeum.cz\/wp-content\/uploads\/2017\/09\/Image-016.jpg\" target=\"_blank\" rel=\"noopener\">list 016<\/a><\/p>\n<p><a href=\"http:\/\/simsonmuzeum.cz\/wp-content\/uploads\/2017\/09\/Image-017.jpg\" target=\"_blank\" rel=\"noopener\">list 017<\/a><\/p>\n<p><a href=\"http:\/\/simsonmuzeum.cz\/wp-content\/uploads\/2017\/09\/Image-018.jpg\" target=\"_blank\" rel=\"noopener\">list 018<\/a><\/p>\n<p><a href=\"http:\/\/simsonmuzeum.cz\/wp-content\/uploads\/2017\/09\/Image-019.jpg\" target=\"_blank\" rel=\"noopener\">list 019<\/a><\/p>\n<p><a href=\"http:\/\/simsonmuzeum.cz\/wp-content\/uploads\/2017\/09\/Image-020.jpg\" target=\"_blank\" rel=\"noopener\">list 020<\/a><\/p>\n<p><a href=\"http:\/\/simsonmuzeum.cz\/wp-content\/uploads\/2017\/09\/Image-021.jpg\" target=\"_blank\" rel=\"noopener\">list 021<\/a><\/p>\n<p><a href=\"http:\/\/simsonmuzeum.cz\/wp-content\/uploads\/2017\/09\/Image-022.jpg\" target=\"_blank\" rel=\"noopener\">list 022<\/a><\/p>\n<p><a href=\"http:\/\/simsonmuzeum.cz\/wp-content\/uploads\/2017\/09\/Image-023.jpg\" target=\"_blank\" rel=\"noopener\">list 023<\/a><\/p>\n<p><a href=\"http:\/\/simsonmuzeum.cz\/wp-content\/uploads\/2017\/09\/Image-024.jpg\" target=\"_blank\" rel=\"noopener\">list 024<\/a><\/p>\n<p><a href=\"http:\/\/simsonmuzeum.cz\/wp-content\/uploads\/2017\/09\/Image-025.jpg\" target=\"_blank\" rel=\"noopener\">list 025<\/a><\/p>\n<p><a href=\"http:\/\/simsonmuzeum.cz\/wp-content\/uploads\/2017\/09\/Image-026.jpg\" target=\"_blank\" rel=\"noopener\">list 026<\/a><\/p>\n<p><a href=\"http:\/\/simsonmuzeum.cz\/wp-content\/uploads\/2017\/09\/Image-027.jpg\" target=\"_blank\" rel=\"noopener\">list 027<\/a><\/p>\n<p><a href=\"http:\/\/simsonmuzeum.cz\/wp-content\/uploads\/2017\/09\/Image-028.jpg\" target=\"_blank\" rel=\"noopener\">list 028<\/a><\/p>\n<p><a href=\"http:\/\/simsonmuzeum.cz\/wp-content\/uploads\/2017\/09\/Image-029.jpg\" target=\"_blank\" rel=\"noopener\">list 029<\/a><\/p>\n<p><a href=\"http:\/\/simsonmuzeum.cz\/wp-content\/uploads\/2017\/09\/Image-030.jpg\" target=\"_blank\" rel=\"noopener\">list 030<\/a><\/p>\n<p><a href=\"http:\/\/simsonmuzeum.cz\/wp-content\/uploads\/2017\/09\/Image-031.jpg\" target=\"_blank\" rel=\"noopener\">list 031<\/a><\/p>\n<p><a href=\"http:\/\/simsonmuzeum.cz\/wp-content\/uploads\/2017\/09\/Image-032.jpg\" target=\"_blank\" rel=\"noopener\">list 032<\/a><\/p>\n<p><a href=\"http:\/\/simsonmuzeum.cz\/wp-content\/uploads\/2017\/09\/Image-033.jpg\" target=\"_blank\" rel=\"noopener\">list 033<\/a><\/p>\n<p><a href=\"http:\/\/simsonmuzeum.cz\/wp-content\/uploads\/2017\/09\/Image-034.jpg\" target=\"_blank\" rel=\"noopener\">list 034<\/a><\/p>\n<p><a href=\"http:\/\/simsonmuzeum.cz\/wp-content\/uploads\/2017\/09\/Image-035.jpg\" target=\"_blank\" rel=\"noopener\">list 035<\/a><\/p>\n<p><a href=\"http:\/\/simsonmuzeum.cz\/wp-content\/uploads\/2017\/09\/Image-036.jpg\" target=\"_blank\" rel=\"noopener\">list 036<\/a><\/p>\n<p><a href=\"http:\/\/simsonmuzeum.cz\/wp-content\/uploads\/2017\/09\/Image-037.jpg\" target=\"_blank\" rel=\"noopener\">list 037<\/a><\/p>\n<p><a href=\"http:\/\/simsonmuzeum.cz\/wp-content\/uploads\/2017\/09\/Image-038.jpg\" target=\"_blank\" rel=\"noopener\">list 038<\/a><\/p>\n<p><a href=\"http:\/\/simsonmuzeum.cz\/wp-content\/uploads\/2017\/09\/Image-039.jpg\" target=\"_blank\" rel=\"noopener\">list 039<\/a><\/p>\n<p><a href=\"http:\/\/simsonmuzeum.cz\/wp-content\/uploads\/2017\/09\/Image-040.jpg\" target=\"_blank\" rel=\"noopener\">list 040<\/a><\/p>\n<p><a href=\"http:\/\/simsonmuzeum.cz\/wp-content\/uploads\/2017\/09\/Image-041.jpg\" target=\"_blank\" rel=\"noopener\">list 041<\/a><\/p>\n<p><a href=\"http:\/\/simsonmuzeum.cz\/wp-content\/uploads\/2017\/09\/Image-042.jpg\" target=\"_blank\" rel=\"noopener\">list 042<\/a><\/p>\n<p><a href=\"http:\/\/simsonmuzeum.cz\/wp-content\/uploads\/2017\/09\/Image-043.jpg\" target=\"_blank\" rel=\"noopener\">list 043<\/a><\/p>\n<p><a href=\"http:\/\/simsonmuzeum.cz\/wp-content\/uploads\/2017\/09\/Image-044.jpg\" target=\"_blank\" rel=\"noopener\">list 044<\/a><\/p>\n<p><a href=\"http:\/\/simsonmuzeum.cz\/wp-content\/uploads\/2017\/09\/Image-045.jpg\" target=\"_blank\" rel=\"noopener\">list 045<\/a><\/p>\n<p><a href=\"http:\/\/simsonmuzeum.cz\/wp-content\/uploads\/2017\/09\/Image-046.jpg\" target=\"_blank\" rel=\"noopener\">list 046<\/a><\/p>\n<p><a href=\"http:\/\/simsonmuzeum.cz\/wp-content\/uploads\/2017\/09\/Image-047.jpg\" target=\"_blank\" rel=\"noopener\">list 047<\/a><\/p>\n<p><a href=\"http:\/\/simsonmuzeum.cz\/wp-content\/uploads\/2017\/09\/Image-048.jpg\" target=\"_blank\" rel=\"noopener\">list 048<\/a><\/p>\n<p><a href=\"http:\/\/simsonmuzeum.cz\/wp-content\/uploads\/2017\/09\/Image-049.jpg\" target=\"_blank\" rel=\"noopener\">list 049<\/a><\/p>\n<p><a href=\"http:\/\/simsonmuzeum.cz\/wp-content\/uploads\/2017\/09\/Image-050.jpg\" target=\"_blank\" rel=\"noopener\">list 050<\/a><\/p>\n<p><a href=\"http:\/\/simsonmuzeum.cz\/wp-content\/uploads\/2017\/09\/Image-051.jpg\" target=\"_blank\" rel=\"noopener\">list 051<\/a><\/p>\n<p><a href=\"http:\/\/simsonmuzeum.cz\/wp-content\/uploads\/2017\/09\/Image-052.jpg\" target=\"_blank\" rel=\"noopener\">list 052<\/a><\/p>\n<p><a href=\"http:\/\/simsonmuzeum.cz\/wp-content\/uploads\/2017\/09\/Image-053.jpg\" target=\"_blank\" rel=\"noopener\">list 053<\/a><\/p>\n<p><a href=\"http:\/\/simsonmuzeum.cz\/wp-content\/uploads\/2017\/09\/Image-054.jpg\" target=\"_blank\" rel=\"noopener\">list 054<\/a><\/p>\n<p><a href=\"http:\/\/simsonmuzeum.cz\/wp-content\/uploads\/2017\/09\/Image-055.jpg\" target=\"_blank\" rel=\"noopener\">list 055<\/a><\/p>\n<p><a href=\"http:\/\/simsonmuzeum.cz\/wp-content\/uploads\/2017\/09\/Image-056.jpg\" target=\"_blank\" rel=\"noopener\">list 056<\/a><\/p>\n<p><a href=\"http:\/\/simsonmuzeum.cz\/wp-content\/uploads\/2017\/09\/Image-057.jpg\" target=\"_blank\" rel=\"noopener\">list 057<\/a><\/p>\n<p><a href=\"http:\/\/simsonmuzeum.cz\/wp-content\/uploads\/2017\/09\/Image-058.jpg\" target=\"_blank\" rel=\"noopener\">list 058<\/a><\/p>\n<p><a href=\"http:\/\/simsonmuzeum.cz\/wp-content\/uploads\/2017\/09\/Image-059.jpg\" target=\"_blank\" rel=\"noopener\">list 059<\/a><\/p>\n<p><a href=\"http:\/\/simsonmuzeum.cz\/wp-content\/uploads\/2017\/09\/Image-060.jpg\" target=\"_blank\" rel=\"noopener\">list 060<\/a><\/p>\n<p><a href=\"http:\/\/simsonmuzeum.cz\/wp-content\/uploads\/2017\/09\/Image-061.jpg\" target=\"_blank\" rel=\"noopener\">list 061<\/a><\/p>\n<p><a href=\"http:\/\/simsonmuzeum.cz\/wp-content\/uploads\/2017\/09\/Image-062.jpg\" target=\"_blank\" rel=\"noopener\">list 062<\/a><\/p>\n<p><a href=\"http:\/\/simsonmuzeum.cz\/wp-content\/uploads\/2017\/09\/Image-063.jpg\" target=\"_blank\" rel=\"noopener\">list 063<\/a><\/p>\n<p><a href=\"http:\/\/simsonmuzeum.cz\/wp-content\/uploads\/2017\/09\/Image-064.jpg\" target=\"_blank\" rel=\"noopener\">list 064<\/a><\/p>\n<p><a href=\"http:\/\/simsonmuzeum.cz\/wp-content\/uploads\/2017\/09\/Image-065.jpg\" target=\"_blank\" rel=\"noopener\">list 065<\/a><\/p>\n<p><a href=\"http:\/\/simsonmuzeum.cz\/wp-content\/uploads\/2017\/09\/Image-066.jpg\" target=\"_blank\" rel=\"noopener\">list 066<\/a><\/p>\n<p><a href=\"http:\/\/simsonmuzeum.cz\/wp-content\/uploads\/2017\/09\/Image-067.jpg\" target=\"_blank\" rel=\"noopener\">list 067<\/a><\/p>\n<p><a href=\"http:\/\/simsonmuzeum.cz\/wp-content\/uploads\/2017\/09\/Image-068.jpg\" target=\"_blank\" rel=\"noopener\">list 068<\/a><\/p>\n<p><a href=\"http:\/\/simsonmuzeum.cz\/wp-content\/uploads\/2017\/09\/Image-069.jpg\" target=\"_blank\" rel=\"noopener\">list 069<\/a><\/p>\n<p><a href=\"http:\/\/simsonmuzeum.cz\/wp-content\/uploads\/2017\/09\/Image-070.jpg\" target=\"_blank\" rel=\"noopener\">list 070<\/a><\/p>\n<p><a href=\"http:\/\/simsonmuzeum.cz\/wp-content\/uploads\/2017\/09\/Image-071.jpg\" target=\"_blank\" rel=\"noopener\">list 071<\/a><\/p>\n<p><a href=\"http:\/\/simsonmuzeum.cz\/wp-content\/uploads\/2017\/09\/Image-072.jpg\" target=\"_blank\" rel=\"noopener\">list 072<\/a><\/p>\n<p><a href=\"http:\/\/simsonmuzeum.cz\/wp-content\/uploads\/2017\/09\/Image-073.jpg\" target=\"_blank\" rel=\"noopener\">list 073<\/a><\/p>\n<p><a href=\"http:\/\/simsonmuzeum.cz\/wp-content\/uploads\/2017\/09\/Image-074.jpg\" target=\"_blank\" rel=\"noopener\">list 074<\/a><\/p>\n<p><a href=\"http:\/\/simsonmuzeum.cz\/wp-content\/uploads\/2017\/09\/Image-075.jpg\" target=\"_blank\" rel=\"noopener\">list 075<\/a><\/p>\n<p><a href=\"http:\/\/simsonmuzeum.cz\/wp-content\/uploads\/2017\/09\/Image-076.jpg\" target=\"_blank\" rel=\"noopener\">list 076<\/a><\/p>\n<p><a href=\"http:\/\/simsonmuzeum.cz\/wp-content\/uploads\/2017\/09\/Image-077.jpg\" target=\"_blank\" rel=\"noopener\">list 077<\/a><\/p>\n<p><a href=\"http:\/\/simsonmuzeum.cz\/wp-content\/uploads\/2017\/09\/Image-078.jpg\" target=\"_blank\" rel=\"noopener\">list 078<\/a><\/p>\n<p><a href=\"http:\/\/simsonmuzeum.cz\/wp-content\/uploads\/2017\/09\/Image-079.jpg\" target=\"_blank\" rel=\"noopener\">list 079<\/a><\/p>\n<p><a href=\"http:\/\/simsonmuzeum.cz\/wp-content\/uploads\/2017\/09\/Image-080.jpg\" target=\"_blank\" rel=\"noopener\">list 080<\/a><\/p>\n<p><a href=\"http:\/\/simsonmuzeum.cz\/wp-content\/uploads\/2017\/09\/Image-081.jpg\" target=\"_blank\" rel=\"noopener\">list 081<\/a><\/p>\n<p><a href=\"http:\/\/simsonmuzeum.cz\/wp-content\/uploads\/2017\/09\/Image-082.jpg\" target=\"_blank\" rel=\"noopener\">list 082<\/a><\/p>\n<p><a href=\"http:\/\/simsonmuzeum.cz\/wp-content\/uploads\/2017\/09\/Image-083.jpg\" target=\"_blank\" rel=\"noopener\">list 083<\/a><\/p>\n<p>&nbsp;<\/p>\n","protected":false},"excerpt":{"rendered":"<p>&nbsp; &nbsp; list 001 list 002 list 003 list 004 list 005 list 006 list 007 list 008 list 009 list 010 list 011 list 012 list 013 list 014 list 015 list 016 list 017 list 018 list 019 list 020 list 021 list 022 list 023 list 024 list 025 list 026 list [&hellip;]<\/p>\n","protected":false},"author":2,"featured_media":0,"parent":0,"menu_order":0,"comment_status":"closed","ping_status":"closed","template":"","meta":{"ngg_post_thumbnail":0,"footnotes":""},"class_list":["post-973","page","type-page","status-publish","hentry"],"_links":{"self":[{"href":"https:\/\/simsonmuzeum.cz\/de_DE\/wp-json\/wp\/v2\/pages\/973","targetHints":{"allow":["GET"]}}],"collection":[{"href":"https:\/\/simsonmuzeum.cz\/de_DE\/wp-json\/wp\/v2\/pages"}],"about":[{"href":"https:\/\/simsonmuzeum.cz\/de_DE\/wp-json\/wp\/v2\/types\/page"}],"author":[{"embeddable":true,"href":"https:\/\/simsonmuzeum.cz\/de_DE\/wp-json\/wp\/v2\/users\/2"}],"replies":[{"embeddable":true,"href":"https:\/\/simsonmuzeum.cz\/de_DE\/wp-json\/wp\/v2\/comments?post=973"}],"version-history":[{"count":6,"href":"https:\/\/simsonmuzeum.cz\/de_DE\/wp-json\/wp\/v2\/pages\/973\/revisions"}],"predecessor-version":[{"id":1063,"href":"https:\/\/simsonmuzeum.cz\/de_DE\/wp-json\/wp\/v2\/pages\/973\/revisions\/1063"}],"wp:attachment":[{"href":"https:\/\/simsonmuzeum.cz\/de_DE\/wp-json\/wp\/v2\/media?parent=973"}],"curies":[{"name":"wp","href":"https:\/\/api.w.org\/{rel}","templated":true}]}}