{"id":1311,"date":"2017-11-06T11:34:57","date_gmt":"2017-11-06T11:34:57","guid":{"rendered":"http:\/\/simsonmuzeum.cz\/?page_id=1311"},"modified":"2017-11-07T10:46:02","modified_gmt":"2017-11-07T10:46:02","slug":"s53-alfa-m","status":"publish","type":"page","link":"https:\/\/simsonmuzeum.cz\/en_GB\/fotogalerie\/motocykly-simson\/s53-alfa-m\/","title":{"rendered":"S53 alpha M"},"content":{"rendered":"<p>&nbsp;<\/p>\n<p><a href=\"http:\/\/simsonmuzeum.cz\/wp-content\/uploads\/2017\/11\/simson_s-53alpha_m.jpg\"><img loading=\"lazy\" decoding=\"async\" class=\"alignnone size-medium wp-image-1315\" src=\"http:\/\/simsonmuzeum.cz\/wp-content\/uploads\/2017\/11\/simson_s-53alpha_m-300x224.jpg\" alt=\"\" width=\"300\" height=\"224\"><\/a><\/p>\n<p>&nbsp;<\/p>\n<p><strong>&nbsp; Simson S-53 alpha M <\/strong>(pozd\u011bj\u0161\u00ed ozna\u010den\u00ed Habicht 25 Mofa 1996 &#8211; 1999) \u2013 jedn\u00e1 se o speci\u00e1ln\u00ed moped pro pot\u0159eby n\u011bmeck\u00e9ho trhu, s maxim\u00e1ln\u00ed rychlost\u00ed 25 km\/h, kter\u00fd je mo\u017eno \u0159\u00eddit ji\u017e od 15 let. Pro tyto \u00fa\u010dely byl motor p\u0159estav\u011bn na v\u00fdkon 1,6 kW a osazen 3-stup\u0148ovou p\u0159evodovku. Stroj je koncipov\u00e1n jako jednom\u00edstn\u00fd, nejsou pou\u017eity zadn\u00ed op\u011brky nohou a sedlo spolujezdce je p\u0159ekryto.<\/p>\n<p>&nbsp;<\/p>\n<table style=\"height: 640px;\" width=\"1104\">\n<tbody>\n<tr>\n<td width=\"180\"><strong>Charakteristika<\/strong><\/td>\n<td style=\"text-align: center;\" width=\"429\"><strong>Simson S53 alpha M<\/strong><\/td>\n<\/tr>\n<tr>\n<td width=\"180\">Motor<\/td>\n<td style=\"text-align: center;\" width=\"429\">Dvoutaktn\u00ed benz\u00ednov\u00fd jednov\u00e1lec<\/td>\n<\/tr>\n<tr>\n<td width=\"180\">Chlazen\u00ed<\/td>\n<td style=\"text-align: center;\" width=\"429\">Vzduch<\/td>\n<\/tr>\n<tr>\n<td width=\"180\">Vrt\u00e1n\u00ed<\/td>\n<td style=\"text-align: center;\" width=\"429\">38 mm<\/td>\n<\/tr>\n<tr>\n<td width=\"180\">Zdvih<\/td>\n<td style=\"text-align: center;\" width=\"429\">44 mm<\/td>\n<\/tr>\n<tr>\n<td width=\"180\">Obsah<\/td>\n<td style=\"text-align: center;\" width=\"429\">49,9 cm \u00b3<\/td>\n<\/tr>\n<tr>\n<td width=\"180\">Komprese<\/td>\n<td style=\"text-align: center;\" width=\"429\">9,5:1<\/td>\n<\/tr>\n<tr>\n<td width=\"180\">V\u00fdkon<\/td>\n<td style=\"text-align: center;\" width=\"429\">1.6 kW p\u0159i 4 250\/min<\/td>\n<\/tr>\n<tr>\n<td width=\"180\">Maxim\u00e1ln\u00ed rychlost<\/td>\n<td style=\"text-align: center;\" width=\"429\">25 km \/ h<\/td>\n<\/tr>\n<tr>\n<td width=\"180\">&nbsp;P\u0159evodovka<\/td>\n<td style=\"text-align: center;\" width=\"429\">3 rychlostn\u00ed<\/td>\n<\/tr>\n<tr>\n<td width=\"180\">Palivo<\/td>\n<td style=\"text-align: center;\" width=\"429\">Dvoutaktn\u00ed mix 1:50<\/td>\n<\/tr>\n<tr>\n<td width=\"180\">&nbsp;Spot\u0159eba<\/td>\n<td style=\"text-align: center;\" width=\"429\">1,9 litr\u016f \/ 100 km p\u0159i rychlosti 25 km\/h<\/td>\n<\/tr>\n<tr>\n<td width=\"180\">N\u00e1dr\u017e<\/td>\n<td style=\"text-align: center;\" width=\"429\">8,7 litr\u016f<\/td>\n<\/tr>\n<tr>\n<td width=\"180\">Pneumatiky<\/td>\n<td style=\"text-align: center;\" width=\"429\">16 \u00d7 2,75<\/td>\n<\/tr>\n<tr>\n<td width=\"180\">Elektrick\u00e9 nap\u011bt\u00ed<\/td>\n<td style=\"text-align: center;\" width=\"429\">12 V<\/td>\n<\/tr>\n<tr>\n<td width=\"180\">Hmotnost<\/td>\n<td style=\"text-align: center;\" width=\"429\">78 kg<\/td>\n<\/tr>\n<tr>\n<td width=\"180\">Celkov\u00e1 hmotnost vozidla<\/td>\n<td style=\"text-align: center;\" width=\"429\">210 kg<\/td>\n<\/tr>\n<tr>\n<td width=\"180\">M\u00edst k sezen\u00ed<\/td>\n<td style=\"text-align: center;\" width=\"429\">1<\/td>\n<\/tr>\n<tr>\n<td width=\"180\">&nbsp;Po\u010det kus\u016f<\/td>\n<td style=\"text-align: center;\" width=\"429\">P\u0159ibli\u017en\u011b 1 500 ks<\/td>\n<\/tr>\n<tr>\n<td width=\"180\">&nbsp;V\u00fdroba<\/td>\n<td style=\"text-align: center;\" width=\"429\">1994 &#8211; 1996<\/td>\n<\/tr>\n<\/tbody>\n<\/table>\n<p>&nbsp;<\/p>\n","protected":false},"excerpt":{"rendered":"<p>&nbsp; &nbsp; &nbsp; Simson S-53 alpha M (pozd\u011bj\u0161\u00ed ozna\u010den\u00ed Habicht 25 Mofa 1996 &#8211; 1999) \u2013 jedn\u00e1 se o speci\u00e1ln\u00ed moped pro pot\u0159eby n\u011bmeck\u00e9ho trhu, s maxim\u00e1ln\u00ed rychlost\u00ed 25 km\/h, kter\u00fd je mo\u017eno \u0159\u00eddit ji\u017e od 15 let. Pro tyto \u00fa\u010dely byl motor p\u0159estav\u011bn na v\u00fdkon 1,6 kW a osazen 3-stup\u0148ovou p\u0159evodovku. Stroj je koncipov\u00e1n [&hellip;]<\/p>\n","protected":false},"author":2,"featured_media":0,"parent":409,"menu_order":0,"comment_status":"closed","ping_status":"closed","template":"","meta":{"ngg_post_thumbnail":0,"footnotes":""},"class_list":["post-1311","page","type-page","status-publish","hentry"],"_links":{"self":[{"href":"https:\/\/simsonmuzeum.cz\/en_GB\/wp-json\/wp\/v2\/pages\/1311","targetHints":{"allow":["GET"]}}],"collection":[{"href":"https:\/\/simsonmuzeum.cz\/en_GB\/wp-json\/wp\/v2\/pages"}],"about":[{"href":"https:\/\/simsonmuzeum.cz\/en_GB\/wp-json\/wp\/v2\/types\/page"}],"author":[{"embeddable":true,"href":"https:\/\/simsonmuzeum.cz\/en_GB\/wp-json\/wp\/v2\/users\/2"}],"replies":[{"embeddable":true,"href":"https:\/\/simsonmuzeum.cz\/en_GB\/wp-json\/wp\/v2\/comments?post=1311"}],"version-history":[{"count":7,"href":"https:\/\/simsonmuzeum.cz\/en_GB\/wp-json\/wp\/v2\/pages\/1311\/revisions"}],"predecessor-version":[{"id":1323,"href":"https:\/\/simsonmuzeum.cz\/en_GB\/wp-json\/wp\/v2\/pages\/1311\/revisions\/1323"}],"up":[{"embeddable":true,"href":"https:\/\/simsonmuzeum.cz\/en_GB\/wp-json\/wp\/v2\/pages\/409"}],"wp:attachment":[{"href":"https:\/\/simsonmuzeum.cz\/en_GB\/wp-json\/wp\/v2\/media?parent=1311"}],"curies":[{"name":"wp","href":"https:\/\/api.w.org\/{rel}","templated":true}]}}