{"id":1565,"date":"2018-08-20T11:06:07","date_gmt":"2018-08-20T11:06:07","guid":{"rendered":"http:\/\/simsonmuzeum.cz\/?page_id=1565"},"modified":"2018-08-20T11:06:07","modified_gmt":"2018-08-20T11:06:07","slug":"simson-bsw-100","status":"publish","type":"page","link":"https:\/\/simsonmuzeum.cz\/en_GB\/simson-bsw-100\/","title":{"rendered":"Simson BSW 100"},"content":{"rendered":"<p><a href=\"http:\/\/simsonmuzeum.cz\/wp-content\/uploads\/2018\/08\/verkaufsobjekte-027.jpg\"><img loading=\"lazy\" decoding=\"async\" class=\"alignnone  wp-image-1566\" src=\"http:\/\/simsonmuzeum.cz\/wp-content\/uploads\/2018\/08\/verkaufsobjekte-027-300x155.jpg\" alt=\"\" width=\"410\" height=\"212\" srcset=\"https:\/\/simsonmuzeum.cz\/wp-content\/uploads\/2018\/08\/verkaufsobjekte-027-300x155.jpg 300w, https:\/\/simsonmuzeum.cz\/wp-content\/uploads\/2018\/08\/verkaufsobjekte-027-768x396.jpg 768w, https:\/\/simsonmuzeum.cz\/wp-content\/uploads\/2018\/08\/verkaufsobjekte-027-1024x528.jpg 1024w, https:\/\/simsonmuzeum.cz\/wp-content\/uploads\/2018\/08\/verkaufsobjekte-027-700x361.jpg 700w, https:\/\/simsonmuzeum.cz\/wp-content\/uploads\/2018\/08\/verkaufsobjekte-027.jpg 1034w\" sizes=\"auto, (max-width: 410px) 100vw, 410px\" \/><\/a><\/p>\n<p>&nbsp;<\/p>\n<p>Po n\u00e1stupu Hitlerovy vl\u00e1dy k\u00a0moci byla tov\u00e1rna <strong>Simson &amp; Co<\/strong> od\u0148ata \u017eidovsk\u00fdm pr\u016fmysln\u00edk\u016fm a v roce 1936 za\u010dlen\u011bna do n\u011bmeck\u00e9ho zbroja\u0159sk\u00e9ho koncernu. Dostala jm\u00e9no <strong>BSW (Berlin-Suhler Waffen-und Fahrzeugwerke)<\/strong> a krom\u011b zbran\u00ed sm\u011bla kr\u00e1tk\u00fd \u010das p\u0159ed v\u00e1lkou vyr\u00e1b\u011bt i motokolo s pomocn\u00fdm motorem Sachs 98 ccm.<\/p>\n<p>&nbsp;<\/p>\n<p>&nbsp;<\/p>\n<table width=\"606\">\n<tbody>\n<tr>\n<td><strong>Charakteristika<\/strong><\/td>\n<td>\n<p style=\"text-align: center;\"><strong>BSW 100<\/strong><\/p>\n<\/td>\n<\/tr>\n<tr>\n<td>Motor<\/td>\n<td>\n<p style=\"text-align: center;\">dvoutaktn\u00ed jednov\u00e1lec Sachs model 32<\/p>\n<\/td>\n<\/tr>\n<tr>\n<td>Start\u00e9r<\/td>\n<td>\n<p style=\"text-align: center;\">Ped\u00e1l<\/p>\n<\/td>\n<\/tr>\n<tr>\n<td>Chlazen\u00ed<\/td>\n<td>\n<p style=\"text-align: center;\">Vzduch<\/p>\n<\/td>\n<\/tr>\n<tr>\n<td>\u00a0Zdvihov\u00fd objem<\/td>\n<td>\n<p style=\"text-align: center;\">98 cm <sup>3<\/sup><\/p>\n<\/td>\n<\/tr>\n<tr>\n<td>V\u00fdkon (PS \/ min)<\/td>\n<td>\n<p style=\"text-align: center;\">2,25 \/ 3500<\/p>\n<\/td>\n<\/tr>\n<tr>\n<td>P\u0159evodovka<\/td>\n<td>\n<p style=\"text-align: center;\">\u00a02-rychlostn\u00ed, \u0159azen\u00ed na n\u00e1dr\u017ei<\/p>\n<\/td>\n<\/tr>\n<tr>\n<td>Maxim\u00e1ln\u00ed rychlost (km \/ h)<\/td>\n<td>\n<p style=\"text-align: center;\">60<\/p>\n<\/td>\n<\/tr>\n<tr>\n<td>rok v\u00fdroby<\/td>\n<td>\n<p style=\"text-align: center;\">1936 &#8211; 1940<\/p>\n<\/td>\n<\/tr>\n<tr>\n<td>Po\u010det kus\u016f<\/td>\n<td>\n<p style=\"text-align: center;\">cca 8 000 ks<\/p>\n<\/td>\n<\/tr>\n<tr>\n<td>cena<\/td>\n<td>\n<p style=\"text-align: center;\">331,- RM<\/p>\n<\/td>\n<\/tr>\n<\/tbody>\n<\/table>\n<p>&nbsp;<\/p>\n","protected":false},"excerpt":{"rendered":"<p>&nbsp; Po n\u00e1stupu Hitlerovy vl\u00e1dy k\u00a0moci byla tov\u00e1rna Simson &amp; Co od\u0148ata \u017eidovsk\u00fdm pr\u016fmysln\u00edk\u016fm a v roce 1936 za\u010dlen\u011bna do n\u011bmeck\u00e9ho zbroja\u0159sk\u00e9ho koncernu. Dostala jm\u00e9no BSW (Berlin-Suhler Waffen-und Fahrzeugwerke) a krom\u011b zbran\u00ed sm\u011bla kr\u00e1tk\u00fd \u010das p\u0159ed v\u00e1lkou vyr\u00e1b\u011bt i motokolo s pomocn\u00fdm motorem Sachs 98 ccm. &nbsp; &nbsp; Charakteristika BSW 100 Motor dvoutaktn\u00ed jednov\u00e1lec Sachs [&hellip;]<\/p>\n","protected":false},"author":2,"featured_media":0,"parent":0,"menu_order":0,"comment_status":"closed","ping_status":"closed","template":"","meta":{"ngg_post_thumbnail":0,"footnotes":""},"class_list":["post-1565","page","type-page","status-publish","hentry"],"_links":{"self":[{"href":"https:\/\/simsonmuzeum.cz\/en_GB\/wp-json\/wp\/v2\/pages\/1565","targetHints":{"allow":["GET"]}}],"collection":[{"href":"https:\/\/simsonmuzeum.cz\/en_GB\/wp-json\/wp\/v2\/pages"}],"about":[{"href":"https:\/\/simsonmuzeum.cz\/en_GB\/wp-json\/wp\/v2\/types\/page"}],"author":[{"embeddable":true,"href":"https:\/\/simsonmuzeum.cz\/en_GB\/wp-json\/wp\/v2\/users\/2"}],"replies":[{"embeddable":true,"href":"https:\/\/simsonmuzeum.cz\/en_GB\/wp-json\/wp\/v2\/comments?post=1565"}],"version-history":[{"count":1,"href":"https:\/\/simsonmuzeum.cz\/en_GB\/wp-json\/wp\/v2\/pages\/1565\/revisions"}],"predecessor-version":[{"id":1567,"href":"https:\/\/simsonmuzeum.cz\/en_GB\/wp-json\/wp\/v2\/pages\/1565\/revisions\/1567"}],"wp:attachment":[{"href":"https:\/\/simsonmuzeum.cz\/en_GB\/wp-json\/wp\/v2\/media?parent=1565"}],"curies":[{"name":"wp","href":"https:\/\/api.w.org\/{rel}","templated":true}]}}