{"id":1983,"date":"2020-01-01T14:32:20","date_gmt":"2020-01-01T14:32:20","guid":{"rendered":"http:\/\/simsonmuzeum.cz\/?page_id=1983"},"modified":"2020-03-26T15:40:32","modified_gmt":"2020-03-26T15:40:32","slug":"ceny-motocyklu-simson","status":"publish","type":"page","link":"https:\/\/simsonmuzeum.cz\/en_GB\/ceny-motocyklu-simson\/","title":{"rendered":"Ceny motocykl\u016f Simson"},"content":{"rendered":"\n<figure class=\"wp-block-image size-large is-style-default\"><a href=\"http:\/\/simsonmuzeum.cz\/wp-content\/uploads\/2020\/03\/ceny-1.png\" target=\"_blank\" rel=\"noreferrer noopener\"><img loading=\"lazy\" decoding=\"async\" width=\"966\" height=\"828\" src=\"http:\/\/simsonmuzeum.cz\/wp-content\/uploads\/2020\/03\/ceny-1.png\" alt=\"\" class=\"wp-image-2167\" srcset=\"https:\/\/simsonmuzeum.cz\/wp-content\/uploads\/2020\/03\/ceny-1.png 966w, https:\/\/simsonmuzeum.cz\/wp-content\/uploads\/2020\/03\/ceny-1-300x257.png 300w, https:\/\/simsonmuzeum.cz\/wp-content\/uploads\/2020\/03\/ceny-1-768x658.png 768w, https:\/\/simsonmuzeum.cz\/wp-content\/uploads\/2020\/03\/ceny-1-700x600.png 700w\" sizes=\"auto, (max-width: 966px) 100vw, 966px\" \/><\/a><\/figure>\n\n\n\n<p style=\"color:#f70207\" class=\"has-text-color has-text-align-center\"> M\u00e1te doma tak\u00e9 \u00fa\u010det z Mototechny na koupi nov\u00e9ho motocyklu Simson? Pros\u00edm za\u0161lete mi naskenovanou fakturu a pomozte n\u00e1m vytvo\u0159it toto zaj\u00edmav\u00e9 srovn\u00e1n\u00ed <\/p>\n\n\n\n<p><\/p>\n","protected":false},"excerpt":{"rendered":"<p>M\u00e1te doma tak\u00e9 \u00fa\u010det z Mototechny na koupi nov\u00e9ho motocyklu Simson? Pros\u00edm za\u0161lete mi naskenovanou fakturu a pomozte n\u00e1m vytvo\u0159it toto zaj\u00edmav\u00e9 srovn\u00e1n\u00ed<\/p>\n","protected":false},"author":2,"featured_media":0,"parent":0,"menu_order":0,"comment_status":"closed","ping_status":"closed","template":"","meta":{"ngg_post_thumbnail":0,"footnotes":""},"class_list":["post-1983","page","type-page","status-publish","hentry"],"_links":{"self":[{"href":"https:\/\/simsonmuzeum.cz\/en_GB\/wp-json\/wp\/v2\/pages\/1983","targetHints":{"allow":["GET"]}}],"collection":[{"href":"https:\/\/simsonmuzeum.cz\/en_GB\/wp-json\/wp\/v2\/pages"}],"about":[{"href":"https:\/\/simsonmuzeum.cz\/en_GB\/wp-json\/wp\/v2\/types\/page"}],"author":[{"embeddable":true,"href":"https:\/\/simsonmuzeum.cz\/en_GB\/wp-json\/wp\/v2\/users\/2"}],"replies":[{"embeddable":true,"href":"https:\/\/simsonmuzeum.cz\/en_GB\/wp-json\/wp\/v2\/comments?post=1983"}],"version-history":[{"count":12,"href":"https:\/\/simsonmuzeum.cz\/en_GB\/wp-json\/wp\/v2\/pages\/1983\/revisions"}],"predecessor-version":[{"id":2168,"href":"https:\/\/simsonmuzeum.cz\/en_GB\/wp-json\/wp\/v2\/pages\/1983\/revisions\/2168"}],"wp:attachment":[{"href":"https:\/\/simsonmuzeum.cz\/en_GB\/wp-json\/wp\/v2\/media?parent=1983"}],"curies":[{"name":"wp","href":"https:\/\/api.w.org\/{rel}","templated":true}]}}