{"id":2355,"date":"2021-02-27T09:46:15","date_gmt":"2021-02-27T09:46:15","guid":{"rendered":"http:\/\/simsonmuzeum.cz\/?page_id=2355"},"modified":"2021-02-27T12:03:25","modified_gmt":"2021-02-27T12:03:25","slug":"pripravky-a-stahovaky","status":"publish","type":"page","link":"https:\/\/simsonmuzeum.cz\/en_GB\/pripravky-a-stahovaky\/","title":{"rendered":"P\u0159\u00edpravky a stahov\u00e1ky"},"content":{"rendered":"<p>\u00a0<\/p>\n<p style=\"text-align: center;\"><span style=\"color: #0000ff;\"><strong><a style=\"color: #0000ff;\" href=\"http:\/\/simsonmuzeum.cz\/servisni-stojan-motoru\/\" target=\"_blank\" rel=\"noopener noreferrer\">servisn\u00ed stojan motoru<\/a><\/strong><\/span><\/p>\n<p style=\"text-align: center;\"><span style=\"color: #0000ff;\"><strong><a style=\"color: #0000ff;\" href=\"http:\/\/simsonmuzeum.cz\/wp-content\/uploads\/2021\/02\/Pripravek-na-puleni-motoru-V\u00ddKRES.pdf\" target=\"_blank\" rel=\"noopener noreferrer\">P\u0159\u00edpravek na p\u016fleni motoru<\/a><\/strong><\/span><\/p>\n<p style=\"text-align: center;\"><span style=\"color: #0000ff;\"><strong><a style=\"color: #0000ff;\" href=\"http:\/\/simsonmuzeum.cz\/wp-content\/uploads\/2021\/02\/P\u0159\u00edpravek-na-aretaci-rotoru.pdf\" target=\"_blank\" rel=\"noopener noreferrer\">P\u0159\u00edpravek na aretaci rotoru<\/a><\/strong><\/span><\/p>\n<p style=\"text-align: center;\"><span style=\"color: #0000ff;\"><strong><a style=\"color: #0000ff;\" href=\"http:\/\/simsonmuzeum.cz\/wp-content\/uploads\/2021\/02\/P\u0159\u00edpravek-na-demont\u00e1\u017e-spojky-S50.pdf\" target=\"_blank\" rel=\"noopener noreferrer\">P\u0159\u00edpravek na demont\u00e1\u017e spojky S50<\/a><\/strong><\/span><\/p>\n<p style=\"text-align: center;\"><span style=\"color: #0000ff;\"><strong><a style=\"color: #0000ff;\" href=\"http:\/\/simsonmuzeum.cz\/wp-content\/uploads\/2021\/02\/Stahovak-vnit\u0159n\u00edho-loziska-V\u00ddKRES.pdf\" target=\"_blank\" rel=\"noopener noreferrer\">Stahov\u00e1k vnit\u0159n\u00edho lo\u017eiska<\/a><\/strong><\/span><\/p>\n<p style=\"text-align: center;\"><span style=\"color: #0000ff;\"><strong><a style=\"color: #0000ff;\" href=\"http:\/\/simsonmuzeum.cz\/wp-content\/uploads\/2021\/02\/P\u0159ipravek-pro-aretaci-klikov\u00e9ho-h\u0159\u00eddele-V\u00ddKRES.pdf\" target=\"_blank\" rel=\"noopener noreferrer\">P\u0159\u00edpravek pro aretaci klikov\u00e9ho h\u0159\u00eddele<\/a><\/strong><\/span><\/p>\n<p style=\"text-align: center;\"><span style=\"color: #0000ff;\"><strong><a style=\"color: #0000ff;\" href=\"http:\/\/simsonmuzeum.cz\/wp-content\/uploads\/2021\/02\/P\u0159\u00edpravek-k-se\u0159\u00edzen\u00ed-mechanismu-\u0159azen\u00ed.pdf\" target=\"_blank\" rel=\"noopener noreferrer\">P\u0159\u00edpravek k se\u0159\u00edzen\u00ed mechanismu \u0159azen\u00ed<\/a><\/strong><\/span><\/p>\n<p style=\"text-align: center;\"><span style=\"color: #0000ff;\"><strong><a style=\"color: #0000ff;\" href=\"http:\/\/simsonmuzeum.cz\/wp-content\/uploads\/2021\/02\/Kl\u00ed\u010d-k-se\u0159\u00edzen\u00ed-mechanismu-\u0159azen\u00ed.pdf\" target=\"_blank\" rel=\"noopener noreferrer\">Kl\u00ed\u010d k se\u0159\u00edzen\u00ed mechanismu \u0159azen\u00ed<\/a><\/strong><\/span><\/p>\n<p style=\"text-align: center;\"><span style=\"color: #0000ff;\"><strong><a style=\"color: #0000ff;\" href=\"http:\/\/simsonmuzeum.cz\/wp-content\/uploads\/2021\/02\/Stahov%C3%A1k-rotoru-V%C3%9DKRES.pdf\" target=\"_blank\" rel=\"noopener noreferrer\">Stahov\u00e1k rotoru<\/a><\/strong><\/span><\/p>\n<p style=\"text-align: center;\"><span style=\"color: #0000ff;\"><strong><a style=\"color: #0000ff;\" href=\"http:\/\/simsonmuzeum.cz\/wp-content\/uploads\/2021\/02\/Kli\u010d-na-vyfuk-V\u00ddKRES.pdf\" target=\"_blank\" rel=\"noopener noreferrer\">Kli\u010d na v\u00fdfuk<\/a><\/strong><\/span><\/p>\n<p>\u00a0<\/p>\n\n\n<p><\/p>\n","protected":false},"excerpt":{"rendered":"<p>\u00a0 servisn\u00ed stojan motoru P\u0159\u00edpravek na p\u016fleni motoru P\u0159\u00edpravek na aretaci rotoru P\u0159\u00edpravek na demont\u00e1\u017e spojky S50 Stahov\u00e1k vnit\u0159n\u00edho lo\u017eiska P\u0159\u00edpravek pro aretaci klikov\u00e9ho h\u0159\u00eddele P\u0159\u00edpravek k se\u0159\u00edzen\u00ed mechanismu \u0159azen\u00ed Kl\u00ed\u010d k se\u0159\u00edzen\u00ed mechanismu \u0159azen\u00ed Stahov\u00e1k rotoru Kli\u010d na v\u00fdfuk \u00a0<\/p>\n","protected":false},"author":2,"featured_media":0,"parent":0,"menu_order":0,"comment_status":"closed","ping_status":"closed","template":"","meta":{"ngg_post_thumbnail":0,"footnotes":""},"class_list":["post-2355","page","type-page","status-publish","hentry"],"_links":{"self":[{"href":"https:\/\/simsonmuzeum.cz\/en_GB\/wp-json\/wp\/v2\/pages\/2355","targetHints":{"allow":["GET"]}}],"collection":[{"href":"https:\/\/simsonmuzeum.cz\/en_GB\/wp-json\/wp\/v2\/pages"}],"about":[{"href":"https:\/\/simsonmuzeum.cz\/en_GB\/wp-json\/wp\/v2\/types\/page"}],"author":[{"embeddable":true,"href":"https:\/\/simsonmuzeum.cz\/en_GB\/wp-json\/wp\/v2\/users\/2"}],"replies":[{"embeddable":true,"href":"https:\/\/simsonmuzeum.cz\/en_GB\/wp-json\/wp\/v2\/comments?post=2355"}],"version-history":[{"count":7,"href":"https:\/\/simsonmuzeum.cz\/en_GB\/wp-json\/wp\/v2\/pages\/2355\/revisions"}],"predecessor-version":[{"id":2403,"href":"https:\/\/simsonmuzeum.cz\/en_GB\/wp-json\/wp\/v2\/pages\/2355\/revisions\/2403"}],"wp:attachment":[{"href":"https:\/\/simsonmuzeum.cz\/en_GB\/wp-json\/wp\/v2\/media?parent=2355"}],"curies":[{"name":"wp","href":"https:\/\/api.w.org\/{rel}","templated":true}]}}