{"id":2440,"date":"2022-01-22T09:38:30","date_gmt":"2022-01-22T09:38:30","guid":{"rendered":"http:\/\/simsonmuzeum.cz\/?page_id=2440"},"modified":"2022-01-22T09:52:18","modified_gmt":"2022-01-22T09:52:18","slug":"nejvetsi-setkani-znacky-simson-v-ceske-republice-2018","status":"publish","type":"page","link":"https:\/\/simsonmuzeum.cz\/en_GB\/nejvetsi-setkani-znacky-simson-v-ceske-republice-2018\/","title":{"rendered":"Nejv\u011bt\u0161\u00ed setk\u00e1n\u00ed zna\u010dky Simson v \u010cesk\u00e9 republice 2018"},"content":{"rendered":"\n<p class=\"has-text-align-center\">dne 25.8.2018 prob\u011bhlo v na\u0161em muzeu Nejv\u011bt\u0161\u00ed setk\u00e1n\u00ed zna\u010dky Simson v \u010cesk\u00e9 republice, kter\u00e9 bylo zaps\u00e1no do \u010cesk\u00e9 knihy rekord\u016f a kuriozit.<\/p>\n\n\n\n<p><\/p>\n\n\n\n<p class=\"has-text-align-center\">Celkem se n\u00e1s se\u0161lo\u00a0<strong><span class=\"has-inline-color has-vivid-red-color\">191 kus\u016f<\/span><\/strong>\u00a0Simson\u016f a toto \u010d\u00edslo bude uvedeno v \u010cesk\u00e9 knize rekord\u016f a kuriozit.<\/p>\n\n\n\n<figure class=\"wp-block-gallery columns-2 is-cropped wp-block-gallery-1 is-layout-flex wp-block-gallery-is-layout-flex\"><ul class=\"blocks-gallery-grid\"><li class=\"blocks-gallery-item\"><figure><img loading=\"lazy\" decoding=\"async\" width=\"724\" height=\"1024\" src=\"http:\/\/simsonmuzeum.cz\/wp-content\/uploads\/2018\/09\/S18092612460-724x1024.jpg\" alt=\"\" data-id=\"1589\" data-full-url=\"http:\/\/simsonmuzeum.cz\/wp-content\/uploads\/2018\/09\/S18092612460.jpg\" data-link=\"http:\/\/simsonmuzeum.cz\/o-nas\/s18092612460\/\" class=\"wp-image-1589\" srcset=\"https:\/\/simsonmuzeum.cz\/wp-content\/uploads\/2018\/09\/S18092612460-724x1024.jpg 724w, https:\/\/simsonmuzeum.cz\/wp-content\/uploads\/2018\/09\/S18092612460-212x300.jpg 212w, https:\/\/simsonmuzeum.cz\/wp-content\/uploads\/2018\/09\/S18092612460-768x1086.jpg 768w, https:\/\/simsonmuzeum.cz\/wp-content\/uploads\/2018\/09\/S18092612460-700x990.jpg 700w, https:\/\/simsonmuzeum.cz\/wp-content\/uploads\/2018\/09\/S18092612460.jpg 1653w\" sizes=\"auto, (max-width: 724px) 100vw, 724px\" \/><\/figure><\/li><li class=\"blocks-gallery-item\"><figure><img loading=\"lazy\" decoding=\"async\" width=\"724\" height=\"1024\" src=\"http:\/\/simsonmuzeum.cz\/wp-content\/uploads\/2018\/09\/S18092612470-724x1024.jpg\" alt=\"\" data-id=\"1590\" data-full-url=\"http:\/\/simsonmuzeum.cz\/wp-content\/uploads\/2018\/09\/S18092612470.jpg\" data-link=\"http:\/\/simsonmuzeum.cz\/o-nas\/s18092612470\/\" class=\"wp-image-1590\" srcset=\"https:\/\/simsonmuzeum.cz\/wp-content\/uploads\/2018\/09\/S18092612470-724x1024.jpg 724w, https:\/\/simsonmuzeum.cz\/wp-content\/uploads\/2018\/09\/S18092612470-212x300.jpg 212w, https:\/\/simsonmuzeum.cz\/wp-content\/uploads\/2018\/09\/S18092612470-768x1086.jpg 768w, https:\/\/simsonmuzeum.cz\/wp-content\/uploads\/2018\/09\/S18092612470-700x990.jpg 700w, https:\/\/simsonmuzeum.cz\/wp-content\/uploads\/2018\/09\/S18092612470.jpg 1653w\" sizes=\"auto, (max-width: 724px) 100vw, 724px\" \/><\/figure><\/li><\/ul><\/figure>\n\n\n\n<figure class=\"wp-block-embed-youtube aligncenter wp-block-embed is-type-video is-provider-youtube wp-embed-aspect-16-9 wp-has-aspect-ratio\"><div class=\"wp-block-embed__wrapper\">\n<iframe loading=\"lazy\" title=\"Nejv\u011bt\u0161\u00ed setk\u00e1n\u00ed Simson v \u010cesk\u00e9 republice\" width=\"640\" height=\"360\" src=\"https:\/\/www.youtube.com\/embed\/ovG3bdpRyCY?feature=oembed\" frameborder=\"0\" allow=\"accelerometer; autoplay; clipboard-write; encrypted-media; gyroscope; picture-in-picture; web-share\" referrerpolicy=\"strict-origin-when-cross-origin\" allowfullscreen><\/iframe>\n<\/div><\/figure>\n\n\n\n<figure class=\"wp-block-embed-youtube wp-block-embed is-type-video is-provider-youtube wp-embed-aspect-16-9 wp-has-aspect-ratio\"><div class=\"wp-block-embed__wrapper\">\n<iframe loading=\"lazy\" title=\"Setk\u00e1n\u00ed simsonu \u017dabov\u0159esky 2\" width=\"640\" height=\"360\" src=\"https:\/\/www.youtube.com\/embed\/s0GMVs56po8?feature=oembed\" frameborder=\"0\" allow=\"accelerometer; autoplay; clipboard-write; encrypted-media; gyroscope; picture-in-picture; web-share\" referrerpolicy=\"strict-origin-when-cross-origin\" allowfullscreen><\/iframe>\n<\/div><\/figure>\n\n\n\n<figure class=\"wp-block-embed-youtube wp-block-embed is-type-video is-provider-youtube wp-embed-aspect-16-9 wp-has-aspect-ratio\"><div class=\"wp-block-embed__wrapper\">\n<iframe loading=\"lazy\" title=\"Setk\u00e1n\u00ed simsonu \u017dabov\u0159esky\" width=\"640\" height=\"360\" src=\"https:\/\/www.youtube.com\/embed\/dZ-U9h47B1w?feature=oembed\" frameborder=\"0\" allow=\"accelerometer; autoplay; clipboard-write; encrypted-media; gyroscope; picture-in-picture; web-share\" referrerpolicy=\"strict-origin-when-cross-origin\" allowfullscreen><\/iframe>\n<\/div><\/figure>\n\n\n\n<figure class=\"wp-block-embed-youtube wp-block-embed is-type-video is-provider-youtube wp-embed-aspect-16-9 wp-has-aspect-ratio\"><div class=\"wp-block-embed__wrapper\">\n<iframe loading=\"lazy\" title=\"1 Celorepublikov\u00fd  Simson sraz, \u017dabov\u0159esky nad Oh\u0159\u00ed, Simson treffen.\" width=\"640\" height=\"360\" src=\"https:\/\/www.youtube.com\/embed\/2ug8hJORKT4?feature=oembed\" frameborder=\"0\" allow=\"accelerometer; autoplay; clipboard-write; encrypted-media; gyroscope; picture-in-picture; web-share\" referrerpolicy=\"strict-origin-when-cross-origin\" allowfullscreen><\/iframe>\n<\/div><\/figure>\n\n\n\n<p class=\"has-text-align-center\"><strong><span class=\"has-inline-color has-vivid-red-color\">Pro v\u0161echny milovn\u00edky a p\u0159\u00edznivce zna\u010dky Simson<\/span><\/strong><\/p>\n\n\n\n<p class=\"has-text-align-center\">dne 25.8.2018 se v na\u0161em muzeu uskute\u010dn\u00ed nejv\u011bt\u0161\u00ed setk\u00e1n\u00ed zna\u010dky Simson v \u010cesk\u00e9 republice, kter\u00e9 bude \u017e\u00e1dat o z\u00e1pis do \u010cesk\u00e9 knihy rekord\u016f a kuriozit.<\/p>\n\n\n\n<figure class=\"wp-block-embed-youtube wp-block-embed is-type-video is-provider-youtube wp-embed-aspect-16-9 wp-has-aspect-ratio\"><div class=\"wp-block-embed__wrapper\">\n<iframe loading=\"lazy\" title=\"\u017dABOV\u0158ESKY: Pozv\u00e1nka na nejv\u011bt\u0161\u00ed setk\u00e1n\u00ed Simson\u016f\" width=\"640\" height=\"360\" src=\"https:\/\/www.youtube.com\/embed\/JSoLY4TCSxk?feature=oembed\" frameborder=\"0\" allow=\"accelerometer; autoplay; clipboard-write; encrypted-media; gyroscope; picture-in-picture; web-share\" referrerpolicy=\"strict-origin-when-cross-origin\" allowfullscreen><\/iframe>\n<\/div><\/figure>\n\n\n\n<figure class=\"wp-block-gallery columns-3 is-cropped wp-block-gallery-2 is-layout-flex wp-block-gallery-is-layout-flex\"><ul class=\"blocks-gallery-grid\"><li class=\"blocks-gallery-item\"><figure><img loading=\"lazy\" decoding=\"async\" width=\"595\" height=\"843\" src=\"http:\/\/simsonmuzeum.cz\/wp-content\/uploads\/2018\/07\/simson.png\" alt=\"\" data-id=\"1550\" data-full-url=\"http:\/\/simsonmuzeum.cz\/wp-content\/uploads\/2018\/07\/simson.png\" data-link=\"http:\/\/simsonmuzeum.cz\/kalendar-akci\/simson\/\" class=\"wp-image-1550\" srcset=\"https:\/\/simsonmuzeum.cz\/wp-content\/uploads\/2018\/07\/simson.png 595w, https:\/\/simsonmuzeum.cz\/wp-content\/uploads\/2018\/07\/simson-212x300.png 212w\" sizes=\"auto, (max-width: 595px) 100vw, 595px\" \/><\/figure><\/li><li class=\"blocks-gallery-item\"><figure><img loading=\"lazy\" decoding=\"async\" width=\"635\" height=\"782\" src=\"http:\/\/simsonmuzeum.cz\/wp-content\/uploads\/2018\/08\/program.png\" alt=\"\" data-id=\"1555\" data-full-url=\"http:\/\/simsonmuzeum.cz\/wp-content\/uploads\/2018\/08\/program.png\" data-link=\"http:\/\/simsonmuzeum.cz\/uvodni-stranka\/program\/\" class=\"wp-image-1555\" srcset=\"https:\/\/simsonmuzeum.cz\/wp-content\/uploads\/2018\/08\/program.png 635w, https:\/\/simsonmuzeum.cz\/wp-content\/uploads\/2018\/08\/program-244x300.png 244w\" sizes=\"auto, (max-width: 635px) 100vw, 635px\" \/><\/figure><\/li><li class=\"blocks-gallery-item\"><figure><img loading=\"lazy\" decoding=\"async\" width=\"678\" height=\"960\" src=\"http:\/\/simsonmuzeum.cz\/wp-content\/uploads\/2018\/08\/39234614_521703144950974_8709387278998306816_n.jpg\" alt=\"\" data-id=\"1561\" data-full-url=\"http:\/\/simsonmuzeum.cz\/wp-content\/uploads\/2018\/08\/39234614_521703144950974_8709387278998306816_n.jpg\" data-link=\"http:\/\/simsonmuzeum.cz\/uvodni-stranka\/39234614_521703144950974_8709387278998306816_n\/\" class=\"wp-image-1561\" srcset=\"https:\/\/simsonmuzeum.cz\/wp-content\/uploads\/2018\/08\/39234614_521703144950974_8709387278998306816_n.jpg 678w, https:\/\/simsonmuzeum.cz\/wp-content\/uploads\/2018\/08\/39234614_521703144950974_8709387278998306816_n-212x300.jpg 212w\" sizes=\"auto, (max-width: 678px) 100vw, 678px\" \/><\/figure><\/li><\/ul><\/figure>\n\n\n\n<p><strong><span class=\"has-inline-color has-vivid-red-color\">Harmonogram akce:<\/span><\/strong><\/p>\n\n\n\n<p>13:00&nbsp; &nbsp; &nbsp; &nbsp; &nbsp; &nbsp; &nbsp; &nbsp; &nbsp; &nbsp;zah\u00e1jen\u00ed akce<\/p>\n\n\n\n<p>13:00 &#8211; 14:30&nbsp; &nbsp; &nbsp;z\u00e1pis do \u010cesk\u00e9 knihy rekord\u016f a kuriozit, anketa o nejhez\u010d\u00edho Simsona a nejlep\u0161\u00ed tuning<\/p>\n\n\n\n<p>14:30 &#8211; 15:30&nbsp; &nbsp; &nbsp;spanil\u00e1 j\u00edzda cca 13 km<\/p>\n\n\n\n<p>15:30 &#8211; 16:00&nbsp; &nbsp; &nbsp;vyhl\u00e1\u0161en\u00ed ankety nejhez\u010d\u00ed Simson, nejlep\u0161\u00ed tuning<\/p>\n\n\n\n<p>17:00 &#8211; 21:00\u00a0 \u00a0 \u017eiv\u00e9 vystoupen\u00ed <strong><span class=\"has-inline-color has-vivid-red-color\">R\u00e1dia BLAN\u00cdK<\/span><\/strong> a Hospody na kole\u010dk\u00e1ch<\/p>\n\n\n\n<p>\u0161unka zdarma<\/p>\n\n\n\n<p>1.sud piva zdarma<\/p>\n\n\n\n<p>sout\u011b\u017ee o ceny<\/p>\n","protected":false},"excerpt":{"rendered":"<p>dne 25.8.2018 prob\u011bhlo v na\u0161em muzeu Nejv\u011bt\u0161\u00ed setk\u00e1n\u00ed zna\u010dky Simson v \u010cesk\u00e9 republice, kter\u00e9 bylo zaps\u00e1no do \u010cesk\u00e9 knihy rekord\u016f a kuriozit. Celkem se n\u00e1s se\u0161lo\u00a0191 kus\u016f\u00a0Simson\u016f a toto \u010d\u00edslo bude uvedeno v \u010cesk\u00e9 knize rekord\u016f a kuriozit. Pro v\u0161echny milovn\u00edky a p\u0159\u00edznivce zna\u010dky Simson dne 25.8.2018 se v na\u0161em muzeu uskute\u010dn\u00ed nejv\u011bt\u0161\u00ed setk\u00e1n\u00ed zna\u010dky [&hellip;]<\/p>\n","protected":false},"author":1,"featured_media":0,"parent":0,"menu_order":0,"comment_status":"closed","ping_status":"closed","template":"","meta":{"ngg_post_thumbnail":0,"footnotes":""},"class_list":["post-2440","page","type-page","status-publish","hentry"],"_links":{"self":[{"href":"https:\/\/simsonmuzeum.cz\/en_GB\/wp-json\/wp\/v2\/pages\/2440","targetHints":{"allow":["GET"]}}],"collection":[{"href":"https:\/\/simsonmuzeum.cz\/en_GB\/wp-json\/wp\/v2\/pages"}],"about":[{"href":"https:\/\/simsonmuzeum.cz\/en_GB\/wp-json\/wp\/v2\/types\/page"}],"author":[{"embeddable":true,"href":"https:\/\/simsonmuzeum.cz\/en_GB\/wp-json\/wp\/v2\/users\/1"}],"replies":[{"embeddable":true,"href":"https:\/\/simsonmuzeum.cz\/en_GB\/wp-json\/wp\/v2\/comments?post=2440"}],"version-history":[{"count":3,"href":"https:\/\/simsonmuzeum.cz\/en_GB\/wp-json\/wp\/v2\/pages\/2440\/revisions"}],"predecessor-version":[{"id":2443,"href":"https:\/\/simsonmuzeum.cz\/en_GB\/wp-json\/wp\/v2\/pages\/2440\/revisions\/2443"}],"wp:attachment":[{"href":"https:\/\/simsonmuzeum.cz\/en_GB\/wp-json\/wp\/v2\/media?parent=2440"}],"curies":[{"name":"wp","href":"https:\/\/api.w.org\/{rel}","templated":true}]}}