{"id":41,"date":"2016-10-02T18:55:54","date_gmt":"2016-10-02T18:55:54","guid":{"rendered":"http:\/\/simsonmuzeum.cz\/?page_id=41"},"modified":"2025-09-11T06:06:23","modified_gmt":"2025-09-11T06:06:23","slug":"kontakt","status":"publish","type":"page","link":"https:\/\/simsonmuzeum.cz\/en_GB\/kontakt\/","title":{"rendered":"Kontakt"},"content":{"rendered":"<h2 style=\"text-align: center;\"><strong>Simson-Muzeum<\/strong><\/h2>\n<h3 style=\"text-align: center;\"><strong>Petr Hradeck\u00fd<\/strong><\/h3>\n<p style=\"text-align: center;\">Telefonn\u00ed \u010d\u00edslo: <strong>+420 603 783 689<\/strong><\/p>\n<p style=\"text-align: center;\">E-mail:&nbsp;<a href=\"mailto:pietule@seznam.cz\">pietule@seznam.cz<\/a><\/p>\n<p style=\"text-align: center;\">Na N\u00e1vsi 8<\/p>\n<p style=\"text-align: center;\">410 02 &nbsp;\u017dabov\u0159esky nad Oh\u0159\u00ed<\/p>\n<hr>\n<p style=\"text-align: center;\"><iframe loading=\"lazy\" style=\"border:none\" src=\"https:\/\/mapy.com\/s\/lurovedaba\" width=\"400\" height=\"280\" frameborder=\"0\"><\/iframe><\/p>\n<p style=\"text-align: center;\">&nbsp;<\/p>\n<hr>\n<h3 style=\"text-align: center;\">Zde v\u00edce informac\u00ed o na\u0161\u00ed obci:<\/h3>\n<h1 style=\"text-align: center;\"><strong><a href=\"http:\/\/zabovreskyno.cz\/kontakt\/street-view\/\" target=\"_blank\" rel=\"noopener noreferrer\">Obec \u017dabov\u0159esky nad Oh\u0159\u00ed<\/a>&nbsp;<\/strong><\/h1>\n<p>&nbsp;<\/p>\n<p style=\"text-align: center;\"><strong>&nbsp; Nach\u00e1z\u00edme se v&nbsp;mal\u00e9 vesni\u010dce \u017dabov\u0159esky nad Oh\u0159\u00ed le\u017e\u00edc\u00ed 2 km od m\u011bste\u010dka Libochovice. M\u016f\u017ee k&nbsp;n\u00e1m zav\u00edtat i historick\u00fdm Pod\u0159ipsk\u00fdm motor\u00e1\u010dkem a nav\u0161t\u00edvit z\u0159\u00edceninu hradu Hazmburk, z\u00e1mek Libochovice, vodn\u00ed hrad Budyn\u011b nad Oh\u0159\u00ed a dal\u0161\u00ed pam\u011btihodnosti v&nbsp;na\u0161em okol\u00ed. <\/strong><\/p>\n<h1 style=\"text-align: center;\">&nbsp;<\/h1>\n","protected":false},"excerpt":{"rendered":"<p>Simson-Muzeum Petr Hradeck\u00fd Telefonn\u00ed \u010d\u00edslo: +420 603 783 689 E-mail:&nbsp;pietule@seznam.cz Na N\u00e1vsi 8 410 02 &nbsp;\u017dabov\u0159esky nad Oh\u0159\u00ed &nbsp; Zde v\u00edce informac\u00ed o na\u0161\u00ed obci: Obec \u017dabov\u0159esky nad Oh\u0159\u00ed&nbsp; &nbsp; &nbsp; Nach\u00e1z\u00edme se v&nbsp;mal\u00e9 vesni\u010dce \u017dabov\u0159esky nad Oh\u0159\u00ed le\u017e\u00edc\u00ed 2 km od m\u011bste\u010dka Libochovice. M\u016f\u017ee k&nbsp;n\u00e1m zav\u00edtat i historick\u00fdm Pod\u0159ipsk\u00fdm motor\u00e1\u010dkem a nav\u0161t\u00edvit z\u0159\u00edceninu hradu [&hellip;]<\/p>\n","protected":false},"author":1,"featured_media":0,"parent":0,"menu_order":0,"comment_status":"closed","ping_status":"closed","template":"","meta":{"ngg_post_thumbnail":0,"footnotes":""},"class_list":["post-41","page","type-page","status-publish","hentry"],"_links":{"self":[{"href":"https:\/\/simsonmuzeum.cz\/en_GB\/wp-json\/wp\/v2\/pages\/41","targetHints":{"allow":["GET"]}}],"collection":[{"href":"https:\/\/simsonmuzeum.cz\/en_GB\/wp-json\/wp\/v2\/pages"}],"about":[{"href":"https:\/\/simsonmuzeum.cz\/en_GB\/wp-json\/wp\/v2\/types\/page"}],"author":[{"embeddable":true,"href":"https:\/\/simsonmuzeum.cz\/en_GB\/wp-json\/wp\/v2\/users\/1"}],"replies":[{"embeddable":true,"href":"https:\/\/simsonmuzeum.cz\/en_GB\/wp-json\/wp\/v2\/comments?post=41"}],"version-history":[{"count":21,"href":"https:\/\/simsonmuzeum.cz\/en_GB\/wp-json\/wp\/v2\/pages\/41\/revisions"}],"predecessor-version":[{"id":2639,"href":"https:\/\/simsonmuzeum.cz\/en_GB\/wp-json\/wp\/v2\/pages\/41\/revisions\/2639"}],"wp:attachment":[{"href":"https:\/\/simsonmuzeum.cz\/en_GB\/wp-json\/wp\/v2\/media?parent=41"}],"curies":[{"name":"wp","href":"https:\/\/api.w.org\/{rel}","templated":true}]}}