{"id":478,"date":"2016-10-24T21:20:59","date_gmt":"2016-10-24T21:20:59","guid":{"rendered":"http:\/\/simsonmuzeum.cz\/?page_id=478"},"modified":"2016-11-10T11:22:31","modified_gmt":"2016-11-10T11:22:31","slug":"sr-4-1-p-spatz","status":"publish","type":"page","link":"https:\/\/simsonmuzeum.cz\/en_GB\/fotogalerie\/motocykly-simson\/sr-4-1-p-spatz\/","title":{"rendered":"SR 4-1 P Spatz"},"content":{"rendered":"<p><a href=\"http:\/\/simsonmuzeum.cz\/wp-content\/uploads\/2016\/10\/spatz.jpg\"><img loading=\"lazy\" decoding=\"async\" width=\"300\" height=\"225\" class=\"alignnone size-medium wp-image-665\" alt=\"spatz\" src=\"http:\/\/simsonmuzeum.cz\/wp-content\/uploads\/2016\/10\/spatz-300x225.jpg\" srcset=\"https:\/\/simsonmuzeum.cz\/wp-content\/uploads\/2016\/10\/spatz-300x225.jpg 300w, https:\/\/simsonmuzeum.cz\/wp-content\/uploads\/2016\/10\/spatz-768x576.jpg 768w, https:\/\/simsonmuzeum.cz\/wp-content\/uploads\/2016\/10\/spatz-1024x768.jpg 1024w, https:\/\/simsonmuzeum.cz\/wp-content\/uploads\/2016\/10\/spatz-700x525.jpg 700w, https:\/\/simsonmuzeum.cz\/wp-content\/uploads\/2016\/10\/spatz.jpg 1600w\" sizes=\"auto, (max-width: 300px) 100vw, 300px\" \/><\/a><\/p>\n<p>&nbsp;<\/p>\n<p>&nbsp;Simson \u201eSpatz\u201c byl n\u00e1stupcem moped\u016f Simson SR2E. Jedn\u00e1 se o nejmen\u0161\u00ed&nbsp;moped z tzv. &#8220;pta\u010d\u00ed s\u00e9rie&#8221; b\u00fdval\u00e9ho Durynsk\u00e9ho v\u00fdrobce j\u00edzdn\u00edch kol VEB Simson z m\u011bsta Suhl v NDR.&nbsp;Jednom\u00edstn\u00fd stroj nesl ozna\u010den\u00ed &#8220;SR 4-1&#8221;&nbsp;byl k dispozici ve t\u0159ech r\u016fzn\u00fdch verz\u00edch.&nbsp;Prvn\u00ed jako moped s ped\u00e1ly ozna\u010dov\u00e1n typ &#8220;P&#8221; ( Pedale), a dva jako moped se startovac\u00ed no\u017en\u00ed p\u00e1kou typ &#8220;K&#8221; ( Kickstarter), nebo &#8220;SK&#8221; ( Simsonmotor + Kickstarter). Simson Spatz byl vyr\u00e1b\u011bn v obdob\u00ed 1964 &#8211; 1971 a bylo vyrobeno celkem 165.944 kus\u016f.&nbsp;Byl osazen vzduchem chlazen\u00fdm 50 ccm &#8211; dvoutaktn\u00edm motorem s v\u00e1lcem z litiny a dos\u00e1hl se svou dvoustup\u0148ovou manu\u00e1ln\u00ed p\u0159evodovkou nejvy\u0161\u0161\u00ed rychlost asi 50 km \/ h. Pom\u011brn\u011b jednoduch\u00e9 vozidlo bylo osazeno 6 V elektroinstalac\u00ed.&nbsp;Barevn\u00e1 kombinace &#8220;Simson Spatz&#8221; byla (v\u00ednov\u00e1 \/ \u0161edozelen\u00e1, RAL 3003 a 6019 ).&nbsp; V prvn\u00edm roce v\u00fdroby se v omezen\u00e9m po\u010dtu dod\u00e1val tak\u00e9 v hn\u011bd\u00e9 (maroon), nebo modr\u00e9 barv\u011b.<\/p>\n<p>&nbsp;<\/p>\n<table width=\"594\">\n<tbody>\n<tr>\n<td><strong>Parametr <\/strong><\/td>\n<td>\n<p style=\"text-align: center;\"><strong>Spatz<\/strong><strong> SR 4-1P <\/strong><\/p>\n<\/td>\n<\/tr>\n<tr>\n<td>Motor<\/td>\n<td>\n<p style=\"text-align: center;\">Rheinmetall dvoutakt<\/p>\n<\/td>\n<\/tr>\n<tr>\n<td>Start\u00e9r<\/td>\n<td>\n<p style=\"text-align: center;\">Pedal Kickstarter<\/p>\n<\/td>\n<\/tr>\n<tr>\n<td>Chlazen\u00ed<\/td>\n<td>\n<p style=\"text-align: center;\">Vzduchem<\/p>\n<\/td>\n<\/tr>\n<tr>\n<td>Vrt\u00e1n\u00ed (mm)<\/td>\n<td>\n<p style=\"text-align: center;\">38<\/p>\n<\/td>\n<\/tr>\n<tr>\n<td>Zdvih (mm)<\/td>\n<td>\n<p style=\"text-align: center;\">42<\/p>\n<\/td>\n<\/tr>\n<tr>\n<td>Zdvihov\u00fd objem (cc)<\/td>\n<td>\n<p style=\"text-align: center;\">47,6<\/p>\n<\/td>\n<\/tr>\n<tr>\n<td>V\u00fdkon (hp \/ min)<\/td>\n<td>\n<p style=\"text-align: center;\">2\/5200<\/p>\n<\/td>\n<\/tr>\n<tr>\n<td>P\u0159enos<\/td>\n<td>\n<p style=\"text-align: center;\">2-rychlostn\u00ed, manu\u00e1ln\u00ed p\u0159evodovka<\/p>\n<\/td>\n<\/tr>\n<tr>\n<td>Karbur\u00e1tor<\/td>\n<td>\n<p style=\"text-align: center;\">BVF NKJ 134-1<\/p>\n<\/td>\n<\/tr>\n<tr>\n<td>Objem palivov\u00e9 n\u00e1dr\u017ee (l)<\/td>\n<td>\n<p style=\"text-align: center;\">8,5<\/p>\n<\/td>\n<\/tr>\n<tr>\n<td>Hmotnost (kg)<\/td>\n<td>\n<p style=\"text-align: center;\">65<\/p>\n<\/td>\n<\/tr>\n<tr>\n<td>Rychlost (km \/ h)<\/td>\n<td>\n<p style=\"text-align: center;\">50 (tov\u00e1rn\u00ed specifikace)<\/p>\n<\/td>\n<\/tr>\n<tr>\n<td>Doba v\u00fdroby<\/td>\n<td>\n<p style=\"text-align: center;\">1964\u20131967<\/p>\n<\/td>\n<\/tr>\n<tr>\n<td>Vyroben\u00e9 mno\u017estv\u00ed<\/td>\n<td>\n<p style=\"text-align: center;\">30 000<\/p>\n<\/td>\n<\/tr>\n<tr>\n<td>V\u00e1lec<\/td>\n<td>\n<p style=\"text-align: center;\">1<\/p>\n<\/td>\n<\/tr>\n<tr>\n<td>Palivo<\/td>\n<td>\n<p style=\"text-align: center;\">Benz\u00edn + olej 01:33<\/p>\n<\/td>\n<\/tr>\n<tr>\n<td>Spot\u0159eba na 100 km (l)<\/td>\n<td>\n<p style=\"text-align: center;\">2,3<\/p>\n<\/td>\n<\/tr>\n<tr>\n<td>M\u00edsta k sezen\u00ed<\/td>\n<td>\n<p style=\"text-align: center;\">1<\/p>\n<\/td>\n<\/tr>\n<\/tbody>\n<\/table>\n<p>&nbsp;<\/p>\n","protected":false},"excerpt":{"rendered":"<p>&nbsp; &nbsp;Simson \u201eSpatz\u201c byl n\u00e1stupcem moped\u016f Simson SR2E. Jedn\u00e1 se o nejmen\u0161\u00ed&nbsp;moped z tzv. &#8220;pta\u010d\u00ed s\u00e9rie&#8221; b\u00fdval\u00e9ho Durynsk\u00e9ho v\u00fdrobce j\u00edzdn\u00edch kol VEB Simson z m\u011bsta Suhl v NDR.&nbsp;Jednom\u00edstn\u00fd stroj nesl ozna\u010den\u00ed &#8220;SR 4-1&#8221;&nbsp;byl k dispozici ve t\u0159ech r\u016fzn\u00fdch verz\u00edch.&nbsp;Prvn\u00ed jako moped s ped\u00e1ly ozna\u010dov\u00e1n typ &#8220;P&#8221; ( Pedale), a dva jako moped se startovac\u00ed no\u017en\u00ed [&hellip;]<\/p>\n","protected":false},"author":1,"featured_media":0,"parent":409,"menu_order":0,"comment_status":"closed","ping_status":"closed","template":"","meta":{"ngg_post_thumbnail":0,"footnotes":""},"class_list":["post-478","page","type-page","status-publish","hentry"],"_links":{"self":[{"href":"https:\/\/simsonmuzeum.cz\/en_GB\/wp-json\/wp\/v2\/pages\/478","targetHints":{"allow":["GET"]}}],"collection":[{"href":"https:\/\/simsonmuzeum.cz\/en_GB\/wp-json\/wp\/v2\/pages"}],"about":[{"href":"https:\/\/simsonmuzeum.cz\/en_GB\/wp-json\/wp\/v2\/types\/page"}],"author":[{"embeddable":true,"href":"https:\/\/simsonmuzeum.cz\/en_GB\/wp-json\/wp\/v2\/users\/1"}],"replies":[{"embeddable":true,"href":"https:\/\/simsonmuzeum.cz\/en_GB\/wp-json\/wp\/v2\/comments?post=478"}],"version-history":[{"count":6,"href":"https:\/\/simsonmuzeum.cz\/en_GB\/wp-json\/wp\/v2\/pages\/478\/revisions"}],"predecessor-version":[{"id":666,"href":"https:\/\/simsonmuzeum.cz\/en_GB\/wp-json\/wp\/v2\/pages\/478\/revisions\/666"}],"up":[{"embeddable":true,"href":"https:\/\/simsonmuzeum.cz\/en_GB\/wp-json\/wp\/v2\/pages\/409"}],"wp:attachment":[{"href":"https:\/\/simsonmuzeum.cz\/en_GB\/wp-json\/wp\/v2\/media?parent=478"}],"curies":[{"name":"wp","href":"https:\/\/api.w.org\/{rel}","templated":true}]}}