{"id":516,"date":"2016-10-24T21:27:24","date_gmt":"2016-10-24T21:27:24","guid":{"rendered":"http:\/\/simsonmuzeum.cz\/?page_id=516"},"modified":"2016-11-09T10:46:15","modified_gmt":"2016-11-09T10:46:15","slug":"sr-50-gamma","status":"publish","type":"page","link":"https:\/\/simsonmuzeum.cz\/en_GB\/fotogalerie\/motocykly-simson\/sr-50-gamma\/","title":{"rendered":"SR 50 Gamma"},"content":{"rendered":"<p><a href=\"http:\/\/simsonmuzeum.cz\/wp-content\/uploads\/2016\/10\/gamma.jpg\"><img loading=\"lazy\" decoding=\"async\" width=\"267\" height=\"189\" class=\"alignnone size-full wp-image-645\" alt=\"gamma\" src=\"http:\/\/simsonmuzeum.cz\/wp-content\/uploads\/2016\/10\/gamma.jpg\"><\/a><\/p>\n<p>&nbsp;<\/p>\n<p>Na konci roku 1990 do\u0161lo k d\u016fkladn\u00e9 modernizaci. Objevilo se v \u010dtvercov\u00e9 p\u0159edn\u00ed sv\u011btlo, nov\u00e9 ukazatele sm\u011bru, nov\u00e1 p\u0159\u00edstrojov\u00e1 deska, palivov\u00e1 n\u00e1dr\u017e a plechov\u00e9 schr\u00e1nky byly pokryty plastov\u00fdmi komponenty, gumov\u00e9 stupa\u010dky zcela zakryly motor a blatn\u00edky zm\u011bnily tvar. Nov\u00fd bo\u010dn\u00ed kryt motoru byl upraven pro instalaci nov\u00e9ho typu start\u00e9ru. Dra\u017e\u0161\u00ed verze motocyklu dostaly kotou\u010dov\u00e9 brzdy p\u0159edn\u00edho kola a elektrick\u00fd start\u00e9r.<\/p>\n<p>V\u00fdroba modelu Gamma byla ukon\u010dena v roce 1997. Vzhledem k nedostatku z\u00e1jmu bylo vyrobeno pouze 3&nbsp;100 kus\u016f.<\/p>\n<p>&nbsp;<\/p>\n<table width=\"614\">\n<tbody>\n<tr>\n<td width=\"307\"><strong>Charakteristika<\/strong><\/td>\n<td width=\"307\">\n<p style=\"text-align: center;\"><strong>Popis<\/strong><\/p>\n<\/td>\n<\/tr>\n<tr>\n<td width=\"307\"><strong>Motor<\/strong><\/td>\n<td width=\"307\">\n<p style=\"text-align: center;\">2-taktn\u00ed, jednov\u00e1lec vzduchem chlazen\u00fd typ M742EFS, 70 cm\u00b3<\/p>\n<\/td>\n<\/tr>\n<tr>\n<td width=\"307\"><strong>V\u00fdkon<\/strong><\/td>\n<td width=\"307\">\n<p style=\"text-align: center;\">5,6 hp (4,1 kW) p\u0159i 6000 ot \/ min<\/p>\n<\/td>\n<\/tr>\n<tr>\n<td width=\"307\"><strong>Maxim\u00e1ln\u00ed to\u010div\u00fd moment<\/strong><\/td>\n<td width=\"307\">\n<p style=\"text-align: center;\">6.7 Nm p\u0159i 5500 ot \/ min<\/p>\n<\/td>\n<\/tr>\n<tr>\n<td width=\"307\"><strong>Spot\u0159eba paliva<\/strong><\/td>\n<td width=\"307\">\n<p style=\"text-align: center;\">2,5 l\/100km<\/p>\n<\/td>\n<\/tr>\n<tr>\n<td width=\"307\"><strong>Vrt\u00e1n\u00ed<\/strong><\/td>\n<td width=\"307\">\n<p style=\"text-align: center;\">45 mm<\/p>\n<\/td>\n<\/tr>\n<tr>\n<td width=\"307\"><strong>Zdvih<\/strong><\/td>\n<td width=\"307\">\n<p style=\"text-align: center;\">44 mm<\/p>\n<\/td>\n<\/tr>\n<tr>\n<td width=\"307\"><strong>Komprese<\/strong><\/td>\n<td width=\"307\">\n<p style=\"text-align: center;\">10,5:1<\/p>\n<\/td>\n<\/tr>\n<tr>\n<td width=\"307\"><strong>Karbur\u00e1tor<\/strong><\/td>\n<td width=\"307\">\n<p style=\"text-align: center;\">BVF 16N3-3 Bing 17\/15\/1102<\/p>\n<\/td>\n<\/tr>\n<tr>\n<td width=\"307\"><strong>Maz\u00e1n\u00ed<\/strong><\/td>\n<td width=\"307\">\n<p style=\"text-align: center;\">Mix benz\u00ednu s olejem v pom\u011bru 1:50<\/p>\n<\/td>\n<\/tr>\n<tr>\n<td width=\"307\"><strong>P\u0159evodovka<\/strong><\/td>\n<td width=\"307\">\n<p style=\"text-align: center;\">4 rychlosti<\/p>\n<\/td>\n<\/tr>\n<tr>\n<td width=\"307\"><strong>Elektrick\u00e1 instalace<\/strong><\/td>\n<td width=\"307\">\n<p style=\"text-align: center;\">12V<\/p>\n<\/td>\n<\/tr>\n<tr>\n<td width=\"307\"><strong>Max.rychlost<\/strong><\/td>\n<td width=\"307\">\n<p style=\"text-align: center;\">75 km\/h<\/p>\n<\/td>\n<\/tr>\n<tr>\n<td width=\"307\"><strong>Brzdy<\/strong><\/td>\n<td width=\"307\">\n<p style=\"text-align: center;\">P\u0159edn\u00ed: 220 mm kotou\u010d<\/p>\n<p style=\"text-align: center;\">Zadn\u00ed: Simplex syst\u00e9m 125mm buben<\/p>\n<\/td>\n<\/tr>\n<tr>\n<td width=\"307\"><strong>Objem palivov\u00e9 n\u00e1dr\u017ee<\/strong><\/td>\n<td width=\"307\">\n<p style=\"text-align: center;\">6,5 l (v\u010detn\u011b rezervy 0,8 l)<\/p>\n<\/td>\n<\/tr>\n<tr>\n<td width=\"307\"><strong>Hmotnost<\/strong><\/td>\n<td width=\"307\">\n<p style=\"text-align: center;\">88 a\u017e 91 kg v z\u00e1vislosti na vybaven\u00ed<\/p>\n<\/td>\n<\/tr>\n<tr>\n<td width=\"307\"><strong>Vyr\u00e1b\u011bno v letech<\/strong><\/td>\n<td width=\"307\">\n<p style=\"text-align: center;\">1990 &#8211; 1997<\/p>\n<\/td>\n<\/tr>\n<tr>\n<td width=\"307\"><strong>Po\u010det kus\u016f<\/strong><\/td>\n<td width=\"307\">\n<p style=\"text-align: center;\">3&nbsp;100 ks<\/p>\n<\/td>\n<\/tr>\n<\/tbody>\n<\/table>\n<p>&nbsp;<\/p>\n","protected":false},"excerpt":{"rendered":"<p>&nbsp; Na konci roku 1990 do\u0161lo k d\u016fkladn\u00e9 modernizaci. Objevilo se v \u010dtvercov\u00e9 p\u0159edn\u00ed sv\u011btlo, nov\u00e9 ukazatele sm\u011bru, nov\u00e1 p\u0159\u00edstrojov\u00e1 deska, palivov\u00e1 n\u00e1dr\u017e a plechov\u00e9 schr\u00e1nky byly pokryty plastov\u00fdmi komponenty, gumov\u00e9 stupa\u010dky zcela zakryly motor a blatn\u00edky zm\u011bnily tvar. Nov\u00fd bo\u010dn\u00ed kryt motoru byl upraven pro instalaci nov\u00e9ho typu start\u00e9ru. Dra\u017e\u0161\u00ed verze motocyklu dostaly kotou\u010dov\u00e9 [&hellip;]<\/p>\n","protected":false},"author":1,"featured_media":0,"parent":409,"menu_order":0,"comment_status":"closed","ping_status":"closed","template":"","meta":{"ngg_post_thumbnail":0,"footnotes":""},"class_list":["post-516","page","type-page","status-publish","hentry"],"_links":{"self":[{"href":"https:\/\/simsonmuzeum.cz\/en_GB\/wp-json\/wp\/v2\/pages\/516","targetHints":{"allow":["GET"]}}],"collection":[{"href":"https:\/\/simsonmuzeum.cz\/en_GB\/wp-json\/wp\/v2\/pages"}],"about":[{"href":"https:\/\/simsonmuzeum.cz\/en_GB\/wp-json\/wp\/v2\/types\/page"}],"author":[{"embeddable":true,"href":"https:\/\/simsonmuzeum.cz\/en_GB\/wp-json\/wp\/v2\/users\/1"}],"replies":[{"embeddable":true,"href":"https:\/\/simsonmuzeum.cz\/en_GB\/wp-json\/wp\/v2\/comments?post=516"}],"version-history":[{"count":3,"href":"https:\/\/simsonmuzeum.cz\/en_GB\/wp-json\/wp\/v2\/pages\/516\/revisions"}],"predecessor-version":[{"id":646,"href":"https:\/\/simsonmuzeum.cz\/en_GB\/wp-json\/wp\/v2\/pages\/516\/revisions\/646"}],"up":[{"embeddable":true,"href":"https:\/\/simsonmuzeum.cz\/en_GB\/wp-json\/wp\/v2\/pages\/409"}],"wp:attachment":[{"href":"https:\/\/simsonmuzeum.cz\/en_GB\/wp-json\/wp\/v2\/media?parent=516"}],"curies":[{"name":"wp","href":"https:\/\/api.w.org\/{rel}","templated":true}]}}