{"id":522,"date":"2016-10-24T21:28:24","date_gmt":"2016-10-24T21:28:24","guid":{"rendered":"http:\/\/simsonmuzeum.cz\/?page_id=522"},"modified":"2017-03-29T04:33:32","modified_gmt":"2017-03-29T04:33:32","slug":"ms-50","status":"publish","type":"page","link":"https:\/\/simsonmuzeum.cz\/en_GB\/fotogalerie\/motocykly-simson\/ms-50\/","title":{"rendered":"MS 50"},"content":{"rendered":"<p><a href=\"http:\/\/simsonmuzeum.cz\/wp-content\/uploads\/2016\/10\/a_Sperber_50g.jpg\"><img loading=\"lazy\" decoding=\"async\" width=\"384\" height=\"256\" class=\"alignnone wp-image-810\" alt=\"\" src=\"http:\/\/simsonmuzeum.cz\/wp-content\/uploads\/2016\/10\/a_Sperber_50g-300x200.jpg\" srcset=\"https:\/\/simsonmuzeum.cz\/wp-content\/uploads\/2016\/10\/a_Sperber_50g-300x200.jpg 300w, https:\/\/simsonmuzeum.cz\/wp-content\/uploads\/2016\/10\/a_Sperber_50g.jpg 383w\" sizes=\"auto, (max-width: 384px) 100vw, 384px\" \/><\/a><\/p>\n<p>&nbsp;<\/p>\n<p>&nbsp;<\/p>\n<p>Motocykl <strong>Simson MS 50 Sperber<\/strong> byl navr\u017een pro n\u00e1ro\u010dn\u00e9 z\u00e1kazn\u00edky. Od konven\u010dn\u00edch model\u016f S53 se li\u0161\u00ed hlavn\u011b pou\u017eit\u00edm centr\u00e1ln\u00edho odpru\u017een\u00ed zadn\u00edho kola, sportovn\u011bj\u0161\u00edm vzhledem, kulat\u00fdm sv\u011btlometem, p\u0159edn\u00ed kotou\u010dovou brzdou, sportovn\u00edm v\u00fdfukem a p\u011btistup\u0148ovou manu\u00e1ln\u00ed p\u0159evodovkou. Motor vych\u00e1z\u00ed ze z\u00e1kladn\u00edho typu S51, kter\u00fd m\u00e1 v\u00fdkon 3,75 kW a omezenou rychlost na 50 km\/h. Cena nov\u00e9ho stroje v&nbsp;roce 1998 byla 4&nbsp;025 DM a za p\u0159\u00edplatek 100 DM bylo mo\u017en\u00e9 objednat odd\u011blen\u00e9 maz\u00e1n\u00ed.<br \/>\n&nbsp;<\/p>\n<table>\n<tbody>\n<tr>\n<td width=\"307\">&nbsp;<\/td>\n<td width=\"307\" style=\"text-align: center;\"><strong>Simson MS 50 Sperber<\/strong><\/td>\n<\/tr>\n<tr>\n<td width=\"307\"><strong>Motor<\/strong><\/td>\n<td width=\"307\" style=\"text-align: center;\">Dvoudob\u00fd jednov\u00e1lec typ M554-50<\/td>\n<\/tr>\n<tr>\n<td width=\"307\"><strong>Obsah<\/strong><\/td>\n<td width=\"307\" style=\"text-align: center;\">49,9 ccm<\/td>\n<\/tr>\n<tr>\n<td width=\"307\"><strong>V\u00fdkon<\/strong><\/td>\n<td width=\"307\" style=\"text-align: center;\">3,78 kW p\u0159i 6 500 ot\/min<\/td>\n<\/tr>\n<tr>\n<td width=\"307\"><strong>Chlazen\u00ed<\/strong><\/td>\n<td width=\"307\" style=\"text-align: center;\">Vzduch<\/td>\n<\/tr>\n<tr>\n<td width=\"307\"><strong>Vrt\u00e1n\u00ed<\/strong><\/td>\n<td width=\"307\" style=\"text-align: center;\">38 mm<\/td>\n<\/tr>\n<tr>\n<td width=\"307\"><strong>Zdvih<\/strong><\/td>\n<td width=\"307\" style=\"text-align: center;\">44 mm<\/td>\n<\/tr>\n<tr>\n<td width=\"307\"><strong>P\u0159evodovka<\/strong><\/td>\n<td width=\"307\" style=\"text-align: center;\">p\u011btistup\u0148ov\u00e1<\/td>\n<\/tr>\n<tr>\n<td width=\"307\"><strong>Hmotnost<\/strong><\/td>\n<td width=\"307\" style=\"text-align: center;\">83 kg<\/td>\n<\/tr>\n<tr>\n<td width=\"307\"><strong>Max.rychlost<\/strong><\/td>\n<td width=\"307\" style=\"text-align: center;\">50 km\/h<\/td>\n<\/tr>\n<tr>\n<td width=\"307\"><strong>Objem n\u00e1dr\u017ee<\/strong><\/td>\n<td width=\"307\" style=\"text-align: center;\">8,7 litr\u016f<\/td>\n<\/tr>\n<tr>\n<td width=\"307\"><strong>spot\u0159eba<\/strong><\/td>\n<td width=\"307\" style=\"text-align: center;\">2,5 l \/ 100 km<\/td>\n<\/tr>\n<tr>\n<td width=\"307\"><strong>Vyr\u00e1b\u011bno <\/strong><\/td>\n<td width=\"307\" style=\"text-align: center;\">1997 &#8211; 2001<\/td>\n<\/tr>\n<tr>\n<td width=\"307\"><strong>Vyrobeno celkem kus\u016f<\/strong><\/td>\n<td width=\"307\" style=\"text-align: center;\">p\u0159ibli\u017en\u011b 2&nbsp;000 ks<\/td>\n<\/tr>\n<\/tbody>\n<\/table>\n<p>&nbsp;<\/p>\n<p>&nbsp;<\/p>\n","protected":false},"excerpt":{"rendered":"<p>&nbsp; &nbsp; Motocykl Simson MS 50 Sperber byl navr\u017een pro n\u00e1ro\u010dn\u00e9 z\u00e1kazn\u00edky. Od konven\u010dn\u00edch model\u016f S53 se li\u0161\u00ed hlavn\u011b pou\u017eit\u00edm centr\u00e1ln\u00edho odpru\u017een\u00ed zadn\u00edho kola, sportovn\u011bj\u0161\u00edm vzhledem, kulat\u00fdm sv\u011btlometem, p\u0159edn\u00ed kotou\u010dovou brzdou, sportovn\u00edm v\u00fdfukem a p\u011btistup\u0148ovou manu\u00e1ln\u00ed p\u0159evodovkou. Motor vych\u00e1z\u00ed ze z\u00e1kladn\u00edho typu S51, kter\u00fd m\u00e1 v\u00fdkon 3,75 kW a omezenou rychlost na 50 km\/h. Cena [&hellip;]<\/p>\n","protected":false},"author":1,"featured_media":0,"parent":409,"menu_order":0,"comment_status":"closed","ping_status":"closed","template":"","meta":{"ngg_post_thumbnail":0,"footnotes":""},"class_list":["post-522","page","type-page","status-publish","hentry"],"_links":{"self":[{"href":"https:\/\/simsonmuzeum.cz\/en_GB\/wp-json\/wp\/v2\/pages\/522","targetHints":{"allow":["GET"]}}],"collection":[{"href":"https:\/\/simsonmuzeum.cz\/en_GB\/wp-json\/wp\/v2\/pages"}],"about":[{"href":"https:\/\/simsonmuzeum.cz\/en_GB\/wp-json\/wp\/v2\/types\/page"}],"author":[{"embeddable":true,"href":"https:\/\/simsonmuzeum.cz\/en_GB\/wp-json\/wp\/v2\/users\/1"}],"replies":[{"embeddable":true,"href":"https:\/\/simsonmuzeum.cz\/en_GB\/wp-json\/wp\/v2\/comments?post=522"}],"version-history":[{"count":5,"href":"https:\/\/simsonmuzeum.cz\/en_GB\/wp-json\/wp\/v2\/pages\/522\/revisions"}],"predecessor-version":[{"id":813,"href":"https:\/\/simsonmuzeum.cz\/en_GB\/wp-json\/wp\/v2\/pages\/522\/revisions\/813"}],"up":[{"embeddable":true,"href":"https:\/\/simsonmuzeum.cz\/en_GB\/wp-json\/wp\/v2\/pages\/409"}],"wp:attachment":[{"href":"https:\/\/simsonmuzeum.cz\/en_GB\/wp-json\/wp\/v2\/media?parent=522"}],"curies":[{"name":"wp","href":"https:\/\/api.w.org\/{rel}","templated":true}]}}