{"id":530,"date":"2016-10-24T21:30:13","date_gmt":"2016-10-24T21:30:13","guid":{"rendered":"http:\/\/simsonmuzeum.cz\/?page_id=530"},"modified":"2017-06-09T08:04:43","modified_gmt":"2017-06-09T08:04:43","slug":"125-sm","status":"publish","type":"page","link":"https:\/\/simsonmuzeum.cz\/en_GB\/fotogalerie\/motocykly-simson\/125-sm\/","title":{"rendered":"125 SM\/GS"},"content":{"rendered":"<p><a href=\"http:\/\/simsonmuzeum.cz\/wp-content\/uploads\/2016\/10\/95.jpg\"><img loading=\"lazy\" decoding=\"async\" width=\"310\" height=\"202\" class=\"alignnone wp-image-853\" alt=\"\" src=\"http:\/\/simsonmuzeum.cz\/wp-content\/uploads\/2016\/10\/95.jpg\"><\/a><\/p>\n<p>&nbsp;<\/p>\n<p>Motocykl <strong>Simson 125 SM\/GS<\/strong> je licen\u010dn\u00ed motocykl vyr\u00e1b\u011bn\u00fd ve Francii firmou HRD a prod\u00e1van\u00fd pod zna\u010dkou Simson. Je poh\u00e1n\u011bn 125cc motorem Moto Morini o v\u00fdkonu 8,5 kW. Typ SM\/GS se li\u0161il v&nbsp;zadn\u00ed kyvn\u00e9 vidlici a pou\u017eit\u00edm pneu. V&nbsp;roce 2002 byla vzhledem k bankrotu firmy Simson v\u00fdroba ukon\u010dena. Prod\u00e1val se za cenu 3600 \u20ac<\/p>\n<p>&nbsp;<\/p>\n<p>&nbsp;<\/p>\n<table>\n<tbody>\n<tr>\n<td width=\"216\">&nbsp;<\/td>\n<td width=\"212\">\n<p style=\"text-align: center;\"><strong>Simson 125 SM<\/strong><\/p>\n<\/td>\n<td width=\"176\">\n<p style=\"text-align: center;\"><strong>Simson 125 GS<\/strong><\/p>\n<\/td>\n<\/tr>\n<tr>\n<td width=\"216\"><strong>Motor<\/strong><\/td>\n<td width=\"388\" colspan=\"2\">\n<p style=\"text-align: center;\">\u010dty\u0159taktn\u00ed jednov\u00e1lec<\/p>\n<\/td>\n<\/tr>\n<tr>\n<td width=\"216\"><strong>Obsah<\/strong><\/td>\n<td width=\"388\" colspan=\"2\">\n<p style=\"text-align: center;\">124 ccm<\/p>\n<\/td>\n<\/tr>\n<tr>\n<td width=\"216\"><strong>V\u00fdkon<\/strong><\/td>\n<td width=\"388\" colspan=\"2\">\n<p style=\"text-align: center;\">8,5 kW p\u0159i 8500 ot\/min<\/p>\n<\/td>\n<\/tr>\n<tr>\n<td width=\"216\"><strong>Chlazen\u00ed<\/strong><\/td>\n<td width=\"388\" colspan=\"2\">\n<p style=\"text-align: center;\">Vzduch<\/p>\n<\/td>\n<\/tr>\n<tr>\n<td width=\"216\"><strong>P\u0159evodovka<\/strong><\/td>\n<td width=\"388\" colspan=\"2\">\n<p style=\"text-align: center;\">\u0161estistup\u0148ov\u00e1<\/p>\n<\/td>\n<\/tr>\n<tr>\n<td width=\"216\"><strong>Hmotnost<\/strong><\/td>\n<td width=\"388\" colspan=\"2\">\n<p style=\"text-align: center;\">107 kg<\/p>\n<\/td>\n<\/tr>\n<tr>\n<td width=\"216\"><strong>Max.rychlost<\/strong><\/td>\n<td width=\"388\" colspan=\"2\">\n<p style=\"text-align: center;\">110 km\/h<\/p>\n<\/td>\n<\/tr>\n<tr>\n<td width=\"216\"><strong>Objem n\u00e1dr\u017ee<\/strong><\/td>\n<td width=\"388\" colspan=\"2\">\n<p style=\"text-align: center;\">9 litr\u016f<\/p>\n<\/td>\n<\/tr>\n<tr>\n<td width=\"216\"><strong>P\u0159edn\u00ed pneu<\/strong><\/td>\n<td width=\"212\">\n<p style=\"text-align: center;\">100\/80-17 52T<\/p>\n<\/td>\n<td width=\"176\">\n<p style=\"text-align: center;\">3-21 51P<\/p>\n<\/td>\n<\/tr>\n<tr>\n<td width=\"216\"><strong>Zadn\u00ed pneu<\/strong><\/td>\n<td width=\"212\">\n<p style=\"text-align: center;\">130\/70-17 62T<\/p>\n<\/td>\n<td width=\"176\">\n<p style=\"text-align: center;\">4,6-18 63P<\/p>\n<\/td>\n<\/tr>\n<tr>\n<td width=\"216\"><strong>Vyr\u00e1b\u011bno <\/strong><\/td>\n<td width=\"388\" colspan=\"2\">\n<p style=\"text-align: center;\">2001 &#8211; 2003<\/p>\n<\/td>\n<\/tr>\n<tr>\n<td width=\"216\"><strong>Vyrobeno celkem kus\u016f<\/strong><\/td>\n<td width=\"388\" colspan=\"2\">\n<p style=\"text-align: center;\">p\u0159ibli\u017en\u011b 1&nbsp;100 ks<\/p>\n<\/td>\n<\/tr>\n<\/tbody>\n<\/table>\n<p>&nbsp;<\/p>\n<p>&nbsp;<\/p>\n<p>&nbsp;<\/p>\n","protected":false},"excerpt":{"rendered":"<p>&nbsp; Motocykl Simson 125 SM\/GS je licen\u010dn\u00ed motocykl vyr\u00e1b\u011bn\u00fd ve Francii firmou HRD a prod\u00e1van\u00fd pod zna\u010dkou Simson. Je poh\u00e1n\u011bn 125cc motorem Moto Morini o v\u00fdkonu 8,5 kW. Typ SM\/GS se li\u0161il v&nbsp;zadn\u00ed kyvn\u00e9 vidlici a pou\u017eit\u00edm pneu. V&nbsp;roce 2002 byla vzhledem k bankrotu firmy Simson v\u00fdroba ukon\u010dena. Prod\u00e1val se za cenu 3600 \u20ac &nbsp; [&hellip;]<\/p>\n","protected":false},"author":1,"featured_media":0,"parent":409,"menu_order":0,"comment_status":"closed","ping_status":"closed","template":"","meta":{"ngg_post_thumbnail":0,"footnotes":""},"class_list":["post-530","page","type-page","status-publish","hentry"],"_links":{"self":[{"href":"https:\/\/simsonmuzeum.cz\/en_GB\/wp-json\/wp\/v2\/pages\/530","targetHints":{"allow":["GET"]}}],"collection":[{"href":"https:\/\/simsonmuzeum.cz\/en_GB\/wp-json\/wp\/v2\/pages"}],"about":[{"href":"https:\/\/simsonmuzeum.cz\/en_GB\/wp-json\/wp\/v2\/types\/page"}],"author":[{"embeddable":true,"href":"https:\/\/simsonmuzeum.cz\/en_GB\/wp-json\/wp\/v2\/users\/1"}],"replies":[{"embeddable":true,"href":"https:\/\/simsonmuzeum.cz\/en_GB\/wp-json\/wp\/v2\/comments?post=530"}],"version-history":[{"count":5,"href":"https:\/\/simsonmuzeum.cz\/en_GB\/wp-json\/wp\/v2\/pages\/530\/revisions"}],"predecessor-version":[{"id":855,"href":"https:\/\/simsonmuzeum.cz\/en_GB\/wp-json\/wp\/v2\/pages\/530\/revisions\/855"}],"up":[{"embeddable":true,"href":"https:\/\/simsonmuzeum.cz\/en_GB\/wp-json\/wp\/v2\/pages\/409"}],"wp:attachment":[{"href":"https:\/\/simsonmuzeum.cz\/en_GB\/wp-json\/wp\/v2\/media?parent=530"}],"curies":[{"name":"wp","href":"https:\/\/api.w.org\/{rel}","templated":true}]}}