{"id":7,"date":"2016-10-02T17:27:10","date_gmt":"2016-10-02T17:27:10","guid":{"rendered":"http:\/\/simsonmuzeum.cz\/?page_id=7"},"modified":"2025-11-08T11:08:04","modified_gmt":"2025-11-08T11:08:04","slug":"uvodni-stranka","status":"publish","type":"page","link":"https:\/\/simsonmuzeum.cz\/en_GB\/","title":{"rendered":"Homepage"},"content":{"rendered":"<p>&nbsp;<\/p>\n<p style=\"text-align: center;\"><span style=\"color: #000000;\">V\u00edt\u00e1me V\u00e1s na str\u00e1nk\u00e1ch nejv\u011bt\u0161\u00edho muzea motocykl\u016f, j\u00edzdn\u00edch kol a zbran\u00ed zna\u010dky SIMSON v \u010cesk\u00e9 republice. R\u00e1di bychom V\u00e1m zde p\u0159edstavili muzeum t\u00e9to proslul\u00e9 v\u00fdchodon\u011bmeck\u00e9 zna\u010dky a uk\u00e1zali, co v\u0161e firma SIMSON za svou v\u00edce jak 170-ti letou historii vyr\u00e1b\u011bla.<\/span><\/p>\n<p style=\"text-align: center;\"><span style=\"color: #000000;\">V na\u0161em muzeu najdete jak legend\u00e1rn\u00ed motocykly Simson S51, Schwalbe, SR50, tak i jin\u00e9, u n\u00e1s m\u00e9n\u011b zn\u00e1m\u00e9 typy, jako jsou Simson AWO, Simson Schikra, invalidn\u00ed t\u0159\u00edkolka Simson Duo, Simson Albatros. Uvid\u00edte u n\u00e1s tak\u00e9 zbran\u011b, ko\u010d\u00e1rky pro d\u011bti, j\u00edzdn\u00ed kola a dal\u0161\u00ed expon\u00e1ty od firmy Simson z n\u011bmeck\u00e9ho m\u011bsta Suhl.<\/span><\/p>\n<p style=\"text-align: center;\"><span style=\"color: #000000;\">Naleznete zde nap\u0159\u00edklad jeden z p\u011bti kus\u016f vyroben\u00fdch prototyp\u016f Simson trial, d\u00e1le repliku stroje Simson ES70 a jeden z deseti vyroben\u00fdch motocykl\u016f Simson Schikra 125 Sport, kter\u00e9 jsou z\u00e1rove\u0148 i jedin\u00fdmi exempl\u00e1\u0159i v \u010cesk\u00e9 republice.<\/span><\/p>\n<p style=\"text-align: center;\"><span style=\"color: #000000;\">Nav\u0161t\u00edvit n\u00e1s m\u016f\u017eete po p\u0159edchoz\u00ed domluv\u011b na telefonn\u00edm \u010d\u00edsle:<\/span> <span style=\"color: #ff0000;\"><strong>+420 603 783 689<\/strong><\/span>.<\/p>\n<p style=\"text-align: center;\"><span style=\"color: #000000;\">Pokud se V\u00e1m tyto str\u00e1nky l\u00edb\u00ed, a nebo m\u00e1te n\u011bjak\u00e9 n\u00e1pady na jejich zm\u011bnu a vylep\u0161en\u00ed, r\u00e1di uv\u00edt\u00e1me Va\u0161e n\u00e1pady a koment\u00e1\u0159e.<\/span><\/p>\n<p>&nbsp;<\/p>\n<hr>\n<h4 style=\"text-align: center;\"><span style=\"color: #ff0000;\"><strong>Na\u0161e Muzeum v \u010cesk\u00e9 knize rekord\u016f a kuriozit<\/strong><\/span><\/h4>\n<p style=\"text-align: center;\"><a href=\"http:\/\/simsonmuzeum.cz\/wp-content\/uploads\/2018\/09\/S18092612470.jpg\" target=\"_blank\" rel=\"noopener noreferrer\"><img loading=\"lazy\" decoding=\"async\" class=\"alignnone wp-image-1590\" src=\"http:\/\/simsonmuzeum.cz\/wp-content\/uploads\/2018\/09\/S18092612470-212x300.jpg\" alt=\"\" width=\"241\" height=\"341\" srcset=\"https:\/\/simsonmuzeum.cz\/wp-content\/uploads\/2018\/09\/S18092612470-212x300.jpg 212w, https:\/\/simsonmuzeum.cz\/wp-content\/uploads\/2018\/09\/S18092612470-768x1086.jpg 768w, https:\/\/simsonmuzeum.cz\/wp-content\/uploads\/2018\/09\/S18092612470-724x1024.jpg 724w, https:\/\/simsonmuzeum.cz\/wp-content\/uploads\/2018\/09\/S18092612470-700x990.jpg 700w, https:\/\/simsonmuzeum.cz\/wp-content\/uploads\/2018\/09\/S18092612470.jpg 1653w\" sizes=\"auto, (max-width: 241px) 100vw, 241px\" \/><\/a>&nbsp; &nbsp; &nbsp;<a href=\"http:\/\/simsonmuzeum.cz\/wp-content\/uploads\/2018\/09\/S18092612460.jpg\" target=\"_blank\" rel=\"noopener noreferrer\"><img loading=\"lazy\" decoding=\"async\" class=\"alignnone wp-image-1589\" src=\"http:\/\/simsonmuzeum.cz\/wp-content\/uploads\/2018\/09\/S18092612460-212x300.jpg\" alt=\"\" width=\"250\" height=\"354\" srcset=\"https:\/\/simsonmuzeum.cz\/wp-content\/uploads\/2018\/09\/S18092612460-212x300.jpg 212w, https:\/\/simsonmuzeum.cz\/wp-content\/uploads\/2018\/09\/S18092612460-768x1086.jpg 768w, https:\/\/simsonmuzeum.cz\/wp-content\/uploads\/2018\/09\/S18092612460-724x1024.jpg 724w, https:\/\/simsonmuzeum.cz\/wp-content\/uploads\/2018\/09\/S18092612460-700x990.jpg 700w, https:\/\/simsonmuzeum.cz\/wp-content\/uploads\/2018\/09\/S18092612460.jpg 1653w\" sizes=\"auto, (max-width: 250px) 100vw, 250px\" \/><\/a><\/p>\n<p style=\"text-align: center;\"><span style=\"color: #ff0000;\"><strong>Na\u0161e muzeum na R\u00e1diu Blan\u00edk<\/strong><\/span><\/p>\n<blockquote class=\"wp-embedded-content\" data-secret=\"o9xPkoAZrL\"><p><a href=\"https:\/\/simsonmuzeum.cz\/uvodni-stranka\/muzeum-motocyklu-simson\/\">Na\u0161e muzeum na R\u00e1diu Blan\u00edk<\/a><\/p><\/blockquote>\n<p><iframe loading=\"lazy\" class=\"wp-embedded-content\" sandbox=\"allow-scripts\" security=\"restricted\" style=\"position: absolute; visibility: hidden;\" title=\"&#8222;Na\u0161e muzeum na R\u00e1diu Blan\u00edk&#8220; &#8212; Simson-Muzeum\" src=\"https:\/\/simsonmuzeum.cz\/uvodni-stranka\/muzeum-motocyklu-simson\/embed\/#?secret=YWigqEeISP#?secret=o9xPkoAZrL\" data-secret=\"o9xPkoAZrL\" width=\"600\" height=\"338\" frameborder=\"0\" marginwidth=\"0\" marginheight=\"0\" scrolling=\"no\"><\/iframe><\/p>\n<p style=\"text-align: center;\"><strong><span style=\"color: #ff0000;\">Na\u0161e muzeum v televizi<\/span><\/strong><\/p>\n<p><iframe loading=\"lazy\" title=\"Toulav\u00e1 kamera Simson muzeum \u017dabov\u0159esky nad Oh\u0159\u00ed\" width=\"640\" height=\"360\" src=\"https:\/\/www.youtube.com\/embed\/Zz4T07pQOsM?feature=oembed\" frameborder=\"0\" allow=\"accelerometer; autoplay; clipboard-write; encrypted-media; gyroscope; picture-in-picture; web-share\" referrerpolicy=\"strict-origin-when-cross-origin\" allowfullscreen><\/iframe><\/p>\n<p><iframe loading=\"lazy\" title=\"Legenda Simson\" width=\"640\" height=\"360\" src=\"https:\/\/www.youtube.com\/embed\/5INJ7GxUX84?feature=oembed\" frameborder=\"0\" allow=\"accelerometer; autoplay; clipboard-write; encrypted-media; gyroscope; picture-in-picture; web-share\" referrerpolicy=\"strict-origin-when-cross-origin\" allowfullscreen><\/iframe><\/p>\n<div style=\"width: 640px;\" class=\"wp-video\"><video class=\"wp-video-shortcode\" id=\"video-7-1\" width=\"640\" height=\"360\" preload=\"metadata\" controls=\"controls\"><source type=\"video\/mp4\" src=\"https:\/\/vod.idnes.cz\/2106\/11\/VF210611_125802_flv_middle_heli.mp4?_=1\" \/><a href=\"https:\/\/vod.idnes.cz\/2106\/11\/VF210611_125802_flv_middle_heli.mp4\">https:\/\/vod.idnes.cz\/2106\/11\/VF210611_125802_flv_middle_heli.mp4<\/a><\/video><\/div>\n<p><iframe loading=\"lazy\" title=\"Simson setk\u00e1n\u00ed na Litomericko24\" width=\"640\" height=\"360\" src=\"https:\/\/www.youtube.com\/embed\/1PvAqclzFRY?feature=oembed\" frameborder=\"0\" allow=\"accelerometer; autoplay; clipboard-write; encrypted-media; gyroscope; picture-in-picture; web-share\" referrerpolicy=\"strict-origin-when-cross-origin\" allowfullscreen><\/iframe><\/p>\n<p><iframe loading=\"lazy\" title=\"Simson otev\u0159en\u00ed muzea na \u010cT\" width=\"640\" height=\"360\" src=\"https:\/\/www.youtube.com\/embed\/SLPE6Sd1oEc?feature=oembed\" frameborder=\"0\" allow=\"accelerometer; autoplay; clipboard-write; encrypted-media; gyroscope; picture-in-picture; web-share\" referrerpolicy=\"strict-origin-when-cross-origin\" allowfullscreen><\/iframe><\/p>\n<p><iframe loading=\"lazy\" title=\"Simson otev\u0159en\u00ed muzea na Litom\u011b\u0159icko24\" width=\"640\" height=\"360\" src=\"https:\/\/www.youtube.com\/embed\/2j4zvEDwRyc?feature=oembed\" frameborder=\"0\" allow=\"accelerometer; autoplay; clipboard-write; encrypted-media; gyroscope; picture-in-picture; web-share\" referrerpolicy=\"strict-origin-when-cross-origin\" allowfullscreen><\/iframe><\/p>\n<p><iframe loading=\"lazy\" title=\"Simson muzeum Nova\" width=\"640\" height=\"360\" src=\"https:\/\/www.youtube.com\/embed\/e7CauCEXAjY?start=2&#038;feature=oembed\" frameborder=\"0\" allow=\"accelerometer; autoplay; clipboard-write; encrypted-media; gyroscope; picture-in-picture; web-share\" referrerpolicy=\"strict-origin-when-cross-origin\" allowfullscreen><\/iframe><\/p>\n<p><iframe loading=\"lazy\" title=\"Otev\u0159en\u00ed muzea Simson \u017dabov\u0159esky\" width=\"640\" height=\"360\" src=\"https:\/\/www.youtube.com\/embed\/qs2lf71TLNE?feature=oembed\" frameborder=\"0\" allow=\"accelerometer; autoplay; clipboard-write; encrypted-media; gyroscope; picture-in-picture; web-share\" referrerpolicy=\"strict-origin-when-cross-origin\" allowfullscreen><\/iframe><\/p>\n<p><iframe loading=\"lazy\" title=\"Nejv\u011bt\u0161\u00ed SOUKROM\u00c1 sb\u00edrka simson\u016f v Evrop\u011b, Simson muzeu \u017dabov\u0159esky nad Oh\u0159\u00ed, motorky simson\" width=\"640\" height=\"360\" src=\"https:\/\/www.youtube.com\/embed\/EqTb8AU_KLQ?start=536&#038;feature=oembed\" frameborder=\"0\" allow=\"accelerometer; autoplay; clipboard-write; encrypted-media; gyroscope; picture-in-picture; web-share\" referrerpolicy=\"strict-origin-when-cross-origin\" allowfullscreen><\/iframe><\/p>\n<p><iframe loading=\"lazy\" title=\"Vlakem pod\u00e9l Oh\u0159e: Vlakem \u010ceskem 01\" width=\"640\" height=\"360\" src=\"https:\/\/www.youtube.com\/embed\/FFibyrgq-hA?feature=oembed\" frameborder=\"0\" allow=\"accelerometer; autoplay; clipboard-write; encrypted-media; gyroscope; picture-in-picture; web-share\" referrerpolicy=\"strict-origin-when-cross-origin\" allowfullscreen><\/iframe><\/p>\n","protected":false},"excerpt":{"rendered":"<p>&nbsp; Welcome to the website of the largest SIMSON motorcycle and bicycle museum in the Czech Republic. We would like to introduce here the museum of this famous East German brand and show what machines SIMSON produced. In our museum you will find the legendary Simson S51, Schwalbe, Scooter, as well as other less known [&hellip;]<\/p>\n","protected":false},"author":1,"featured_media":0,"parent":0,"menu_order":0,"comment_status":"closed","ping_status":"closed","template":"","meta":{"ngg_post_thumbnail":0,"footnotes":""},"class_list":["post-7","page","type-page","status-publish","hentry"],"_links":{"self":[{"href":"https:\/\/simsonmuzeum.cz\/en_GB\/wp-json\/wp\/v2\/pages\/7","targetHints":{"allow":["GET"]}}],"collection":[{"href":"https:\/\/simsonmuzeum.cz\/en_GB\/wp-json\/wp\/v2\/pages"}],"about":[{"href":"https:\/\/simsonmuzeum.cz\/en_GB\/wp-json\/wp\/v2\/types\/page"}],"author":[{"embeddable":true,"href":"https:\/\/simsonmuzeum.cz\/en_GB\/wp-json\/wp\/v2\/users\/1"}],"replies":[{"embeddable":true,"href":"https:\/\/simsonmuzeum.cz\/en_GB\/wp-json\/wp\/v2\/comments?post=7"}],"version-history":[{"count":114,"href":"https:\/\/simsonmuzeum.cz\/en_GB\/wp-json\/wp\/v2\/pages\/7\/revisions"}],"predecessor-version":[{"id":2649,"href":"https:\/\/simsonmuzeum.cz\/en_GB\/wp-json\/wp\/v2\/pages\/7\/revisions\/2649"}],"wp:attachment":[{"href":"https:\/\/simsonmuzeum.cz\/en_GB\/wp-json\/wp\/v2\/media?parent=7"}],"curies":[{"name":"wp","href":"https:\/\/api.w.org\/{rel}","templated":true}]}}