{"id":734,"date":"2016-11-29T18:54:26","date_gmt":"2016-11-29T18:54:26","guid":{"rendered":"http:\/\/simsonmuzeum.cz\/?page_id=734"},"modified":"2016-11-30T18:30:10","modified_gmt":"2016-11-30T18:30:10","slug":"i-rocnik-setkani-historickych-vozidel-zabovresky-nad-ohri","status":"publish","type":"page","link":"https:\/\/simsonmuzeum.cz\/en_GB\/kalendar-akci\/i-rocnik-setkani-historickych-vozidel-zabovresky-nad-ohri\/","title":{"rendered":"I.ro\u010dn\u00edk setk\u00e1n\u00ed historick\u00fdch vozidel \u017dabov\u0159esky nad Oh\u0159\u00ed"},"content":{"rendered":"<p><a href=\"http:\/\/simsonmuzeum.cz\/wp-content\/uploads\/2016\/11\/001-1.jpg\"><img loading=\"lazy\" decoding=\"async\" width=\"300\" height=\"200\" class=\"alignnone size-medium wp-image-745\" alt=\"001\" src=\"http:\/\/simsonmuzeum.cz\/wp-content\/uploads\/2016\/11\/001-1-300x200.jpg\" srcset=\"https:\/\/simsonmuzeum.cz\/wp-content\/uploads\/2016\/11\/001-1-300x200.jpg 300w, https:\/\/simsonmuzeum.cz\/wp-content\/uploads\/2016\/11\/001-1-700x467.jpg 700w, https:\/\/simsonmuzeum.cz\/wp-content\/uploads\/2016\/11\/001-1.jpg 720w\" sizes=\"auto, (max-width: 300px) 100vw, 300px\" \/><\/a> <a href=\"http:\/\/simsonmuzeum.cz\/wp-content\/uploads\/2016\/11\/003-2.jpg\"><img loading=\"lazy\" decoding=\"async\" width=\"300\" height=\"200\" class=\"alignnone size-medium wp-image-746\" alt=\"003\" src=\"http:\/\/simsonmuzeum.cz\/wp-content\/uploads\/2016\/11\/003-2-300x200.jpg\" srcset=\"https:\/\/simsonmuzeum.cz\/wp-content\/uploads\/2016\/11\/003-2-300x200.jpg 300w, https:\/\/simsonmuzeum.cz\/wp-content\/uploads\/2016\/11\/003-2-700x467.jpg 700w, https:\/\/simsonmuzeum.cz\/wp-content\/uploads\/2016\/11\/003-2.jpg 720w\" sizes=\"auto, (max-width: 300px) 100vw, 300px\" \/><\/a> <a href=\"http:\/\/simsonmuzeum.cz\/wp-content\/uploads\/2016\/11\/022-1.jpg\"><img loading=\"lazy\" decoding=\"async\" width=\"300\" height=\"228\" class=\"alignnone size-medium wp-image-747\" alt=\"022\" src=\"http:\/\/simsonmuzeum.cz\/wp-content\/uploads\/2016\/11\/022-1-300x228.jpg\" srcset=\"https:\/\/simsonmuzeum.cz\/wp-content\/uploads\/2016\/11\/022-1-300x228.jpg 300w, https:\/\/simsonmuzeum.cz\/wp-content\/uploads\/2016\/11\/022-1.jpg 631w\" sizes=\"auto, (max-width: 300px) 100vw, 300px\" \/><\/a> <a href=\"http:\/\/simsonmuzeum.cz\/wp-content\/uploads\/2016\/11\/023.jpg\"><img loading=\"lazy\" decoding=\"async\" width=\"300\" height=\"200\" class=\"alignnone size-medium wp-image-748\" alt=\"023\" src=\"http:\/\/simsonmuzeum.cz\/wp-content\/uploads\/2016\/11\/023-300x200.jpg\" srcset=\"https:\/\/simsonmuzeum.cz\/wp-content\/uploads\/2016\/11\/023-300x200.jpg 300w, https:\/\/simsonmuzeum.cz\/wp-content\/uploads\/2016\/11\/023-700x467.jpg 700w, https:\/\/simsonmuzeum.cz\/wp-content\/uploads\/2016\/11\/023.jpg 720w\" sizes=\"auto, (max-width: 300px) 100vw, 300px\" \/><\/a> <a href=\"http:\/\/simsonmuzeum.cz\/wp-content\/uploads\/2016\/11\/024.jpg\"><img loading=\"lazy\" decoding=\"async\" width=\"300\" height=\"222\" class=\"alignnone size-medium wp-image-750\" alt=\"024\" src=\"http:\/\/simsonmuzeum.cz\/wp-content\/uploads\/2016\/11\/024-300x222.jpg\" srcset=\"https:\/\/simsonmuzeum.cz\/wp-content\/uploads\/2016\/11\/024-300x222.jpg 300w, https:\/\/simsonmuzeum.cz\/wp-content\/uploads\/2016\/11\/024.jpg 649w\" sizes=\"auto, (max-width: 300px) 100vw, 300px\" \/><\/a> <a href=\"http:\/\/simsonmuzeum.cz\/wp-content\/uploads\/2016\/11\/026.jpg\"><img loading=\"lazy\" decoding=\"async\" width=\"300\" height=\"200\" class=\"alignnone size-medium wp-image-751\" alt=\"026\" src=\"http:\/\/simsonmuzeum.cz\/wp-content\/uploads\/2016\/11\/026-300x200.jpg\" srcset=\"https:\/\/simsonmuzeum.cz\/wp-content\/uploads\/2016\/11\/026-300x200.jpg 300w, https:\/\/simsonmuzeum.cz\/wp-content\/uploads\/2016\/11\/026-700x467.jpg 700w, https:\/\/simsonmuzeum.cz\/wp-content\/uploads\/2016\/11\/026.jpg 720w\" sizes=\"auto, (max-width: 300px) 100vw, 300px\" \/><\/a> <a href=\"http:\/\/simsonmuzeum.cz\/wp-content\/uploads\/2016\/11\/027.jpg\"><img loading=\"lazy\" decoding=\"async\" width=\"300\" height=\"200\" class=\"alignnone size-medium wp-image-752\" alt=\"027\" src=\"http:\/\/simsonmuzeum.cz\/wp-content\/uploads\/2016\/11\/027-300x200.jpg\" srcset=\"https:\/\/simsonmuzeum.cz\/wp-content\/uploads\/2016\/11\/027-300x200.jpg 300w, https:\/\/simsonmuzeum.cz\/wp-content\/uploads\/2016\/11\/027-700x467.jpg 700w, https:\/\/simsonmuzeum.cz\/wp-content\/uploads\/2016\/11\/027.jpg 720w\" sizes=\"auto, (max-width: 300px) 100vw, 300px\" \/><\/a> <a href=\"http:\/\/simsonmuzeum.cz\/wp-content\/uploads\/2016\/11\/029.jpg\"><img loading=\"lazy\" decoding=\"async\" width=\"300\" height=\"200\" class=\"alignnone size-medium wp-image-753\" alt=\"029\" src=\"http:\/\/simsonmuzeum.cz\/wp-content\/uploads\/2016\/11\/029-300x200.jpg\" srcset=\"https:\/\/simsonmuzeum.cz\/wp-content\/uploads\/2016\/11\/029-300x200.jpg 300w, https:\/\/simsonmuzeum.cz\/wp-content\/uploads\/2016\/11\/029-700x467.jpg 700w, https:\/\/simsonmuzeum.cz\/wp-content\/uploads\/2016\/11\/029.jpg 720w\" sizes=\"auto, (max-width: 300px) 100vw, 300px\" \/><\/a> <a href=\"http:\/\/simsonmuzeum.cz\/wp-content\/uploads\/2016\/11\/030.jpg\"><img loading=\"lazy\" decoding=\"async\" width=\"300\" height=\"200\" class=\"alignnone size-medium wp-image-754\" alt=\"030\" src=\"http:\/\/simsonmuzeum.cz\/wp-content\/uploads\/2016\/11\/030-300x200.jpg\" srcset=\"https:\/\/simsonmuzeum.cz\/wp-content\/uploads\/2016\/11\/030-300x200.jpg 300w, https:\/\/simsonmuzeum.cz\/wp-content\/uploads\/2016\/11\/030-700x467.jpg 700w, https:\/\/simsonmuzeum.cz\/wp-content\/uploads\/2016\/11\/030.jpg 720w\" sizes=\"auto, (max-width: 300px) 100vw, 300px\" \/><\/a> <a href=\"http:\/\/simsonmuzeum.cz\/wp-content\/uploads\/2016\/11\/031.jpg\"><img loading=\"lazy\" decoding=\"async\" width=\"300\" height=\"200\" class=\"alignnone size-medium wp-image-755\" alt=\"031\" src=\"http:\/\/simsonmuzeum.cz\/wp-content\/uploads\/2016\/11\/031-300x200.jpg\" srcset=\"https:\/\/simsonmuzeum.cz\/wp-content\/uploads\/2016\/11\/031-300x200.jpg 300w, https:\/\/simsonmuzeum.cz\/wp-content\/uploads\/2016\/11\/031-700x467.jpg 700w, https:\/\/simsonmuzeum.cz\/wp-content\/uploads\/2016\/11\/031.jpg 720w\" sizes=\"auto, (max-width: 300px) 100vw, 300px\" \/><\/a> <a href=\"http:\/\/simsonmuzeum.cz\/wp-content\/uploads\/2016\/11\/046.jpg\"><img loading=\"lazy\" decoding=\"async\" width=\"300\" height=\"200\" class=\"alignnone size-medium wp-image-756\" alt=\"046\" src=\"http:\/\/simsonmuzeum.cz\/wp-content\/uploads\/2016\/11\/046-300x200.jpg\" srcset=\"https:\/\/simsonmuzeum.cz\/wp-content\/uploads\/2016\/11\/046-300x200.jpg 300w, https:\/\/simsonmuzeum.cz\/wp-content\/uploads\/2016\/11\/046-700x467.jpg 700w, https:\/\/simsonmuzeum.cz\/wp-content\/uploads\/2016\/11\/046.jpg 720w\" sizes=\"auto, (max-width: 300px) 100vw, 300px\" \/><\/a> <a href=\"http:\/\/simsonmuzeum.cz\/wp-content\/uploads\/2016\/11\/047.jpg\"><img loading=\"lazy\" decoding=\"async\" width=\"300\" height=\"200\" class=\"alignnone size-medium wp-image-757\" alt=\"047\" src=\"http:\/\/simsonmuzeum.cz\/wp-content\/uploads\/2016\/11\/047-300x200.jpg\" srcset=\"https:\/\/simsonmuzeum.cz\/wp-content\/uploads\/2016\/11\/047-300x200.jpg 300w, https:\/\/simsonmuzeum.cz\/wp-content\/uploads\/2016\/11\/047-700x467.jpg 700w, https:\/\/simsonmuzeum.cz\/wp-content\/uploads\/2016\/11\/047.jpg 720w\" sizes=\"auto, (max-width: 300px) 100vw, 300px\" \/><\/a><\/p>\n","protected":false},"excerpt":{"rendered":"","protected":false},"author":2,"featured_media":0,"parent":14,"menu_order":0,"comment_status":"closed","ping_status":"closed","template":"","meta":{"ngg_post_thumbnail":0,"footnotes":""},"class_list":["post-734","page","type-page","status-publish","hentry"],"_links":{"self":[{"href":"https:\/\/simsonmuzeum.cz\/en_GB\/wp-json\/wp\/v2\/pages\/734","targetHints":{"allow":["GET"]}}],"collection":[{"href":"https:\/\/simsonmuzeum.cz\/en_GB\/wp-json\/wp\/v2\/pages"}],"about":[{"href":"https:\/\/simsonmuzeum.cz\/en_GB\/wp-json\/wp\/v2\/types\/page"}],"author":[{"embeddable":true,"href":"https:\/\/simsonmuzeum.cz\/en_GB\/wp-json\/wp\/v2\/users\/2"}],"replies":[{"embeddable":true,"href":"https:\/\/simsonmuzeum.cz\/en_GB\/wp-json\/wp\/v2\/comments?post=734"}],"version-history":[{"count":7,"href":"https:\/\/simsonmuzeum.cz\/en_GB\/wp-json\/wp\/v2\/pages\/734\/revisions"}],"predecessor-version":[{"id":758,"href":"https:\/\/simsonmuzeum.cz\/en_GB\/wp-json\/wp\/v2\/pages\/734\/revisions\/758"}],"up":[{"embeddable":true,"href":"https:\/\/simsonmuzeum.cz\/en_GB\/wp-json\/wp\/v2\/pages\/14"}],"wp:attachment":[{"href":"https:\/\/simsonmuzeum.cz\/en_GB\/wp-json\/wp\/v2\/media?parent=734"}],"curies":[{"name":"wp","href":"https:\/\/api.w.org\/{rel}","templated":true}]}}