{"id":939,"date":"2017-09-10T13:30:45","date_gmt":"2017-09-10T13:30:45","guid":{"rendered":"http:\/\/simsonmuzeum.cz\/?page_id=939"},"modified":"2026-01-25T11:31:00","modified_gmt":"2026-01-25T11:31:00","slug":"katalog-nahradnich-dilu","status":"publish","type":"page","link":"https:\/\/simsonmuzeum.cz\/en_GB\/katalog-nahradnich-dilu\/","title":{"rendered":"Katalog n\u00e1hradn\u00edch d\u00edl\u016f"},"content":{"rendered":"<p style=\"text-align: center;\"><a href=\"http:\/\/simsonmuzeum.cz\/wp-content\/uploads\/2017\/09\/Ersatzteilliste_Typ425.pdf\" target=\"_blank\" rel=\"noopener noreferrer\">Simson AWO 425 Touren<\/a><\/p>\n<p style=\"text-align: center;\"><a href=\"http:\/\/simsonmuzeum.cz\/wp-content\/uploads\/2017\/09\/Ersatzteile-Kat-425S-1960.pdf\" target=\"_blank\" rel=\"noopener noreferrer\">Simson AWO 425 Sport<\/a><\/p>\n<p style=\"text-align: center;\"><a href=\"http:\/\/simsonmuzeum.cz\/wp-content\/uploads\/2026\/01\/Katalog-Simson-SR1.pdf\" target=\"_blank\" rel=\"noopener\">Simson SR1<\/a><\/p>\n<p style=\"text-align: center;\"><a href=\"http:\/\/simsonmuzeum.cz\/wp-content\/uploads\/2017\/09\/Ersatzteilliste_fuer_SR2E.pdf\" target=\"_blank\" rel=\"noopener noreferrer\">Simson SR 2E<\/a><\/p>\n<p style=\"text-align: center;\"><a href=\"http:\/\/simsonmuzeum.cz\/wp-content\/uploads\/2019\/12\/Star-SR-4-2.pdf\" target=\"_blank\" rel=\"noopener noreferrer\">Simson SR 4-2<\/a><\/p>\n<p style=\"text-align: center;\"><a href=\"http:\/\/simsonmuzeum.cz\/wp-content\/uploads\/2017\/09\/Ersatzteilliste_SR_4-3.pdf\" target=\"_blank\" rel=\"noopener noreferrer\">Simson SR 4-3<\/a><\/p>\n<p style=\"text-align: center;\"><a href=\"http:\/\/simsonmuzeum.cz\/wp-content\/uploads\/2020\/11\/simson-kr50.pdf\" target=\"_blank\" rel=\"noopener noreferrer\">Simson KR50<\/a><\/p>\n<p style=\"text-align: center;\"><a href=\"http:\/\/simsonmuzeum.cz\/katalog\/katalog_kr51_1966.pdf\" target=\"_blank\" rel=\"noopener noreferrer\">Simson KR51 &#8211; 1966 Schwalbe<\/a><\/p>\n<p style=\"text-align: center;\"><a href=\"http:\/\/simsonmuzeum.cz\/katalog\/simson_kr51_1972.pdf\" target=\"_blank\" rel=\"noopener noreferrer\">Simson KR51 &#8211; 1972 Schwalbe<\/a><\/p>\n<p style=\"text-align: center;\"><a href=\"http:\/\/simsonmuzeum.cz\/wp-content\/uploads\/2017\/09\/Ersatzteilliste_Piccolo-Trumpf5.pdf\" target=\"_blank\" rel=\"noopener noreferrer\">Simson Duo Piccolo<\/a><\/p>\n<p style=\"text-align: center;\"><a href=\"http:\/\/simsonmuzeum.cz\/wp-content\/uploads\/2017\/09\/Ersatzteilliste_Duo4.pdf\" target=\"_blank\" rel=\"noopener noreferrer\">Simson Duo 4-1<\/a><\/p>\n<p style=\"text-align: center;\"><a href=\"http:\/\/simsonmuzeum.cz\/wp-content\/uploads\/2026\/01\/Simson-SL1.pdf\" target=\"_blank\" rel=\"noopener\">Simson SL1<\/a><\/p>\n<p style=\"text-align: center;\"><a href=\"http:\/\/simsonmuzeum.cz\/wp-content\/uploads\/2020\/02\/Simson-S51-katalog.pdf\" target=\"_blank\" rel=\"noopener noreferrer\">Simson S51<\/a><\/p>\n<p style=\"text-align: center;\"><a href=\"http:\/\/simsonmuzeum.cz\/wp-content\/uploads\/2020\/02\/S53.pdf\" target=\"_blank\" rel=\"noopener noreferrer\">Simson S53<\/a><\/p>\n<p style=\"text-align: center;\"><a href=\"http:\/\/simsonmuzeum.cz\/wp-content\/uploads\/2025\/11\/1995_Ersatzteilliste_S53_komprimiert.pdf\" target=\"_blank\" rel=\"noopener\">Simson S53, S83 &#8211; 1995<\/a><\/p>\n<p style=\"text-align: center;\"><a href=\"http:\/\/simsonmuzeum.cz\/wp-content\/uploads\/2020\/02\/Simson-SR50-1.pdf\" target=\"_blank\" rel=\"noopener noreferrer\">Simson SR50<\/a><\/p>\n<p style=\"text-align: center;\"><a href=\"http:\/\/simsonmuzeum.cz\/wp-content\/uploads\/2019\/02\/katalog-SR50-1993.pdf\" target=\"_blank\" rel=\"noopener noreferrer\">Simson SR50-1993<\/a><\/p>\n<p style=\"text-align: center;\"><a href=\"http:\/\/simsonmuzeum.cz\/simson-ms50-sperber\/\" target=\"_blank\" rel=\"noopener noreferrer\">Simson MS50 Sperber<\/a><\/p>\n<p style=\"text-align: center;\"><a href=\"http:\/\/simsonmuzeum.cz\/simson-star50-1996\/\" target=\"_blank\" rel=\"noopener noreferrer\">Simson Star50 &#8211; 1996<\/a><\/p>\n<p style=\"text-align: center;\"><a href=\"http:\/\/simsonmuzeum.cz\/simson-star50-1997\/\" target=\"_blank\" rel=\"noopener noreferrer\">Simson Star50 &#8211; 1997<\/a><\/p>\n<p style=\"text-align: center;\"><a href=\"http:\/\/simsonmuzeum.cz\/simson-msa50-spatz\/\" target=\"_blank\" rel=\"noopener noreferrer\">Simson MSA50 Spatz<\/a><\/p>\n<p style=\"text-align: center;\"><a href=\"http:\/\/simsonmuzeum.cz\/simson-schikra-125\/\" target=\"_blank\" rel=\"noopener noreferrer\">Simson Schikra 125<\/a><\/p>\n<p style=\"text-align: center;\"><a href=\"http:\/\/simsonmuzeum.cz\/wp-content\/uploads\/2017\/09\/S17111111120.pdf\" target=\"_blank\" rel=\"noopener noreferrer\">Simson 125 SM\/GS<\/a><\/p>\n<p style=\"text-align: center;\"><a href=\"http:\/\/simsonmuzeum.cz\/wp-content\/uploads\/2020\/12\/katalog-Simson-RS-125.pdf\" target=\"_blank\" rel=\"noopener noreferrer\">Simson 125 RS<\/a><\/p>\n<p style=\"text-align: center;\"><a href=\"http:\/\/simsonmuzeum.cz\/manualy\/katalog_e930.pdf\" target=\"_blank\" rel=\"noopener noreferrer\">Fortschritt E930<\/a><\/p>\n","protected":false},"excerpt":{"rendered":"<p>Simson AWO 425 Touren Simson AWO 425 Sport Simson SR1 Simson SR 2E Simson SR 4-2 Simson SR 4-3 Simson KR50 Simson KR51 &#8211; 1966 Schwalbe Simson KR51 &#8211; 1972 Schwalbe Simson Duo Piccolo Simson Duo 4-1 Simson SL1 Simson S51 Simson S53 Simson S53, S83 &#8211; 1995 Simson SR50 Simson SR50-1993 Simson MS50 Sperber [&hellip;]<\/p>\n","protected":false},"author":2,"featured_media":0,"parent":0,"menu_order":0,"comment_status":"closed","ping_status":"closed","template":"","meta":{"ngg_post_thumbnail":0,"footnotes":""},"class_list":["post-939","page","type-page","status-publish","hentry"],"_links":{"self":[{"href":"https:\/\/simsonmuzeum.cz\/en_GB\/wp-json\/wp\/v2\/pages\/939","targetHints":{"allow":["GET"]}}],"collection":[{"href":"https:\/\/simsonmuzeum.cz\/en_GB\/wp-json\/wp\/v2\/pages"}],"about":[{"href":"https:\/\/simsonmuzeum.cz\/en_GB\/wp-json\/wp\/v2\/types\/page"}],"author":[{"embeddable":true,"href":"https:\/\/simsonmuzeum.cz\/en_GB\/wp-json\/wp\/v2\/users\/2"}],"replies":[{"embeddable":true,"href":"https:\/\/simsonmuzeum.cz\/en_GB\/wp-json\/wp\/v2\/comments?post=939"}],"version-history":[{"count":35,"href":"https:\/\/simsonmuzeum.cz\/en_GB\/wp-json\/wp\/v2\/pages\/939\/revisions"}],"predecessor-version":[{"id":2661,"href":"https:\/\/simsonmuzeum.cz\/en_GB\/wp-json\/wp\/v2\/pages\/939\/revisions\/2661"}],"wp:attachment":[{"href":"https:\/\/simsonmuzeum.cz\/en_GB\/wp-json\/wp\/v2\/media?parent=939"}],"curies":[{"name":"wp","href":"https:\/\/api.w.org\/{rel}","templated":true}]}}